{"id":28198,"date":"2025-10-20T14:00:24","date_gmt":"2025-10-20T14:00:24","guid":{"rendered":"https:\/\/lacasaibicenca.es\/?page_id=28198"},"modified":"2026-01-20T10:10:33","modified_gmt":"2026-01-20T10:10:33","slug":"affitto-turistico","status":"publish","type":"page","link":"https:\/\/lacasaibicenca.es\/it\/affitto-turistico\/","title":{"rendered":"AFFITTO TURISTICO"},"content":{"rendered":"\t\t<div data-elementor-type=\"wp-page\" data-elementor-id=\"28198\" class=\"elementor elementor-28198\" data-elementor-post-type=\"page\">\n\t\t\t\t\t\t<section class=\"elementor-section elementor-top-section elementor-element elementor-element-397b9172 elementor-section-stretched elementor-section-content-middle elementor-section-boxed elementor-section-height-default elementor-section-height-default\" data-id=\"397b9172\" data-element_type=\"section\" data-e-type=\"section\" data-settings=\"{&quot;stretch_section&quot;:&quot;section-stretched&quot;,&quot;background_background&quot;:&quot;classic&quot;}\">\n\t\t\t\t\t\t\t<div class=\"elementor-background-overlay\"><\/div>\n\t\t\t\t\t\t\t<div class=\"elementor-container elementor-column-gap-no\">\n\t\t\t\t\t<div class=\"elementor-column elementor-col-100 elementor-top-column elementor-element elementor-element-7dfa0fea\" data-id=\"7dfa0fea\" data-element_type=\"column\" data-e-type=\"column\">\n\t\t\t<div class=\"elementor-widget-wrap elementor-element-populated\">\n\t\t\t\t\t\t<div class=\"elementor-element elementor-element-52cb73c7 animated-fast elementor-widget-mobile__width-initial elementor-widget__width-initial elementor-widget-tablet__width-initial elementor-invisible elementor-widget elementor-widget-heading\" data-id=\"52cb73c7\" data-element_type=\"widget\" data-e-type=\"widget\" data-settings=\"{&quot;_animation&quot;:&quot;fadeIn&quot;,&quot;_animation_delay&quot;:50}\" data-widget_type=\"heading.default\">\n\t\t\t\t\t<h1 class=\"elementor-heading-title elementor-size-default\">Affitto turistico a ibizia<\/h1>\t\t\t\t<\/div>\n\t\t\t\t<div class=\"elementor-element elementor-element-d1f8dc0 animated-fast elementor-widget__width-initial elementor-invisible elementor-widget elementor-widget-heading\" data-id=\"d1f8dc0\" data-element_type=\"widget\" data-e-type=\"widget\" data-settings=\"{&quot;_animation&quot;:&quot;fadeIn&quot;,&quot;_animation_delay&quot;:50}\" data-widget_type=\"heading.default\">\n\t\t\t\t\t<h2 class=\"elementor-heading-title elementor-size-default\">La tua vacanza perfetta ti aspetta<\/h2>\t\t\t\t<\/div>\n\t\t\t\t<div class=\"elementor-element elementor-element-4213da6d elementor-widget elementor-widget-spacer\" data-id=\"4213da6d\" data-element_type=\"widget\" data-e-type=\"widget\" data-widget_type=\"spacer.default\">\n\t\t\t\t\t\t\t<div class=\"elementor-spacer\">\n\t\t\t<div class=\"elementor-spacer-inner\"><\/div>\n\t\t<\/div>\n\t\t\t\t\t\t<\/div>\n\t\t\t\t\t<\/div>\n\t\t<\/div>\n\t\t\t\t\t<\/div>\n\t\t<\/section>\n\t\t\t\t<section class=\"elementor-section elementor-top-section elementor-element elementor-element-3bf6ec91 elementor-section-boxed elementor-section-height-default elementor-section-height-default\" data-id=\"3bf6ec91\" data-element_type=\"section\" data-e-type=\"section\" data-settings=\"{&quot;background_background&quot;:&quot;classic&quot;}\">\n\t\t\t\t\t\t<div class=\"elementor-container elementor-column-gap-no\">\n\t\t\t\t\t<div class=\"elementor-column elementor-col-100 elementor-top-column elementor-element elementor-element-5b446fc\" data-id=\"5b446fc\" data-element_type=\"column\" data-e-type=\"column\">\n\t\t\t<div class=\"elementor-widget-wrap elementor-element-populated\">\n\t\t\t\t\t\t<section class=\"elementor-section elementor-inner-section elementor-element elementor-element-1590a2d4 elementor-section-boxed elementor-section-height-default elementor-section-height-default\" data-id=\"1590a2d4\" data-element_type=\"section\" data-e-type=\"section\" data-settings=\"{&quot;background_background&quot;:&quot;classic&quot;}\">\n\t\t\t\t\t\t<div class=\"elementor-container elementor-column-gap-default\">\n\t\t\t\t\t<div class=\"elementor-column elementor-col-50 elementor-inner-column elementor-element elementor-element-7db87fd3\" data-id=\"7db87fd3\" data-element_type=\"column\" data-e-type=\"column\" data-settings=\"{&quot;background_background&quot;:&quot;classic&quot;}\">\n\t\t\t<div class=\"elementor-widget-wrap\">\n\t\t\t\t\t\t\t<\/div>\n\t\t<\/div>\n\t\t\t\t<div class=\"elementor-column elementor-col-50 elementor-inner-column elementor-element elementor-element-4e518cbb\" data-id=\"4e518cbb\" data-element_type=\"column\" data-e-type=\"column\">\n\t\t\t<div class=\"elementor-widget-wrap elementor-element-populated\">\n\t\t\t\t\t\t<div class=\"elementor-element elementor-element-75980686 animated-fast elementor-invisible elementor-widget elementor-widget-heading\" data-id=\"75980686\" data-element_type=\"widget\" data-e-type=\"widget\" data-settings=\"{&quot;_animation&quot;:&quot;fadeIn&quot;}\" data-widget_type=\"heading.default\">\n\t\t\t\t\t<p class=\"elementor-heading-title elementor-size-default\">AFFITTO TURISTICO<\/p>\t\t\t\t<\/div>\n\t\t\t\t<div class=\"elementor-element elementor-element-7b65dc57 animated-fast elementor-invisible elementor-widget elementor-widget-heading\" data-id=\"7b65dc57\" data-element_type=\"widget\" data-e-type=\"widget\" data-settings=\"{&quot;_animation&quot;:&quot;fadeIn&quot;}\" data-widget_type=\"heading.default\">\n\t\t\t\t\t<h2 class=\"elementor-heading-title elementor-size-default\">LA CASA IBICENCA<\/h2>\t\t\t\t<\/div>\n\t\t\t\t<div class=\"elementor-element elementor-element-3e225419 animated-fast elementor-invisible elementor-widget elementor-widget-heading\" data-id=\"3e225419\" data-element_type=\"widget\" data-e-type=\"widget\" data-settings=\"{&quot;_animation_delay&quot;:100,&quot;_animation&quot;:&quot;fadeIn&quot;}\" data-widget_type=\"heading.default\">\n\t\t\t\t\t<p class=\"elementor-heading-title elementor-size-default\">La tua permanenza a Ibiza merita di essere indimenticabile.\nIn <b>La Casa Ibicenca<\/b> selezioniamo con cura le <b>ville in affitto turistico pi\u00f9 esclusive di Ibiza<\/b>, propriet\u00e0 uniche che combinano lusso, comfort e autentico spirito mediterraneo.\nInoltre, ci occupiamo di gestire tutti i servizi extra di cui potresti aver bisogno, cos\u00ec potrai goderti <b>una vacanza senza preoccupazioni<\/b>.\nIl nostro obiettivo \u00e8 semplice: creare <b>momenti unici<\/b> che resteranno per sempre nei tuoi ricordi.<\/p>\t\t\t\t<\/div>\n\t\t\t\t\t<\/div>\n\t\t<\/div>\n\t\t\t\t\t<\/div>\n\t\t<\/section>\n\t\t\t\t\t<\/div>\n\t\t<\/div>\n\t\t\t\t\t<\/div>\n\t\t<\/section>\n\t\t<div class=\"elementor-element elementor-element-ad439ed e-flex e-con-boxed e-con e-parent\" data-id=\"ad439ed\" data-element_type=\"container\" data-e-type=\"container\" data-settings=\"{&quot;background_background&quot;:&quot;classic&quot;}\">\n\t\t\t\t\t<div class=\"e-con-inner\">\n\t\t<div class=\"elementor-element elementor-element-1c59ed1 e-con-full e-flex e-con e-child\" data-id=\"1c59ed1\" data-element_type=\"container\" data-e-type=\"container\">\n\t\t<div class=\"elementor-element elementor-element-4646a5e e-con-full e-flex e-con e-child\" data-id=\"4646a5e\" data-element_type=\"container\" data-e-type=\"container\">\n\t\t<div class=\"elementor-element elementor-element-6d18346 e-con-full e-flex e-con e-child\" data-id=\"6d18346\" data-element_type=\"container\" data-e-type=\"container\">\n\t\t\t\t<\/div>\n\t\t<div class=\"elementor-element elementor-element-722550b e-con-full e-flex elementor-invisible e-con e-child\" data-id=\"722550b\" data-element_type=\"container\" data-e-type=\"container\" data-settings=\"{&quot;animation&quot;:&quot;fadeIn&quot;,&quot;animation_delay&quot;:200}\">\n\t\t\t\t<div class=\"elementor-element elementor-element-e67113f elementor-widget elementor-widget-heading\" data-id=\"e67113f\" data-element_type=\"widget\" data-e-type=\"widget\" data-widget_type=\"heading.default\">\n\t\t\t\t\t<h2 class=\"elementor-heading-title elementor-size-default\">Perch\u00e9 scegliere noi<\/h2>\t\t\t\t<\/div>\n\t\t\t\t<div class=\"elementor-element elementor-element-697c53f elementor-widget elementor-widget-heading\" data-id=\"697c53f\" data-element_type=\"widget\" data-e-type=\"widget\" data-widget_type=\"heading.default\">\n\t\t\t\t\t<h3 class=\"elementor-heading-title elementor-size-default\">Ville esclusive per vacanze a Ibiza\n<\/h3>\t\t\t\t<\/div>\n\t\t\t\t<div class=\"elementor-element elementor-element-facc0ae elementor-widget elementor-widget-heading\" data-id=\"facc0ae\" data-element_type=\"widget\" data-e-type=\"widget\" data-widget_type=\"heading.default\">\n\t\t\t\t\t<p class=\"elementor-heading-title elementor-size-default\">La nostra collezione di <b>ville e case vacanze<\/b> \u00e8 stata selezionata con un criterio preciso: offrire <b>esperienze eccezionali<\/b>.\nOgni propriet\u00e0 \u00e8 diversa, con il proprio fascino e personalit\u00e0.\nMolte delle nostre ville non sono disponibili su altre piattaforme, rendendo <b>La Casa Ibicenca<\/b> un punto di riferimento per chi cerca <b>affitti di lusso esclusivi a Ibiza<\/b>.\n\nImmagina di svegliarti con il suono del mare, di cenare sotto le stelle o di perderti tra i paesaggi naturali dell\u2019isola.\nIbiza \u00e8 molto pi\u00f9 di una semplice destinazione: \u00e8 una <b>esperienza sensoriale<\/b>.\nQui potrai riconnetterti con te stesso, esplorare nuovi orizzonti, gustare la cucina locale e lasciarti avvolgere dall\u2019energia unica di quest\u2019isola magica.<\/p>\t\t\t\t<\/div>\n\t\t\t\t<\/div>\n\t\t<div class=\"elementor-element elementor-element-409efba e-con-full e-flex e-con e-child\" data-id=\"409efba\" data-element_type=\"container\" data-e-type=\"container\">\n\t\t\t\t<\/div>\n\t\t\t\t<\/div>\n\t\t<div class=\"elementor-element elementor-element-b8f8080 e-con-full e-flex e-con e-child\" data-id=\"b8f8080\" data-element_type=\"container\" data-e-type=\"container\">\n\t\t<div class=\"elementor-element elementor-element-f944ae0 e-con-full e-flex elementor-invisible e-con e-child\" data-id=\"f944ae0\" data-element_type=\"container\" data-e-type=\"container\" data-settings=\"{&quot;background_background&quot;:&quot;classic&quot;,&quot;animation&quot;:&quot;fadeIn&quot;,&quot;animation_delay&quot;:200}\">\n\t\t\t\t<div class=\"elementor-element elementor-element-d4942f2 elementor-widget elementor-widget-image-box\" data-id=\"d4942f2\" data-element_type=\"widget\" data-e-type=\"widget\" data-widget_type=\"image-box.default\">\n\t\t\t\t\t<div class=\"elementor-image-box-wrapper\"><div class=\"elementor-image-box-content\"><h3 class=\"elementor-image-box-title\">Fiducia, Qualit\u00e0 e Impegno<\/h3><p class=\"elementor-image-box-description\">Crediamo fermamente che l\u2019<b>affitto turistico a Ibiza<\/b> sia uno dei settori pi\u00f9 appassionanti e gratificanti, perch\u00e9 ci permette di incontrare persone da tutto il mondo e offrire loro il meglio della nostra terra.\nIl nostro successo si basa sulla <b>qualit\u00e0 del servizio<\/b>, sull\u2019<b>attenzione personalizzata<\/b> e sulla <b>professionalit\u00e0<\/b> con cui trattiamo ogni cliente.\n\nIn <b>La Casa Ibicenca<\/b> lavoriamo ogni giorno seguendo tre valori fondamentali:\n<b>Fiducia, Qualit\u00e0 e Impegno<\/b>.<\/p><\/div><\/div>\t\t\t\t<\/div>\n\t\t\t\t<\/div>\n\t\t<div class=\"elementor-element elementor-element-b207e73 e-con-full e-flex elementor-invisible e-con e-child\" data-id=\"b207e73\" data-element_type=\"container\" data-e-type=\"container\" data-settings=\"{&quot;background_background&quot;:&quot;classic&quot;,&quot;animation&quot;:&quot;fadeIn&quot;,&quot;animation_delay&quot;:200}\">\n\t\t\t\t<div class=\"elementor-element elementor-element-3e9502b elementor-widget elementor-widget-image-box\" data-id=\"3e9502b\" data-element_type=\"widget\" data-e-type=\"widget\" data-widget_type=\"image-box.default\">\n\t\t\t\t\t<div class=\"elementor-image-box-wrapper\"><div class=\"elementor-image-box-content\"><h3 class=\"elementor-image-box-title\">Trova la villa perfetta per le tue vacanze a Ibiza<\/h3><p class=\"elementor-image-box-description\">Hai scelto Ibiza come meta per le tue prossime vacanze?\nCerchi una <b>villa con piscina<\/b> dove rilassarti con la tua famiglia, il tuo partner o i tuoi amici?\n\nIn <b>La Casa Ibicenca<\/b> ti aiutiamo a trovare la <b>villa ideale<\/b> in base al tuo <b>budget<\/b>, al tuo <b>stile di viaggio<\/b> e alla <b>zona dell\u2019isola<\/b> che preferisci.\n\nQualunque sia il tuo piano, abbiamo la <b>villa perfetta per te<\/b>.\nOgni alloggio \u00e8 stato scelto con cura, garantendo <b>massimo comfort, privacy e un\u2019esperienza indimenticabile<\/b> a Ibiza.<\/p><\/div><\/div>\t\t\t\t<\/div>\n\t\t\t\t<\/div>\n\t\t<div class=\"elementor-element elementor-element-ece2f8c e-con-full e-flex elementor-invisible e-con e-child\" data-id=\"ece2f8c\" data-element_type=\"container\" data-e-type=\"container\" data-settings=\"{&quot;background_background&quot;:&quot;classic&quot;,&quot;animation&quot;:&quot;fadeIn&quot;,&quot;animation_delay&quot;:200}\">\n\t\t\t\t<div class=\"elementor-element elementor-element-816372a elementor-widget elementor-widget-image-box\" data-id=\"816372a\" data-element_type=\"widget\" data-e-type=\"widget\" data-widget_type=\"image-box.default\">\n\t\t\t\t\t<div class=\"elementor-image-box-wrapper\"><div class=\"elementor-image-box-content\"><h3 class=\"elementor-image-box-title\">Prenota facilmente la tua villa a Ibiza<\/h3><p class=\"elementor-image-box-description\">Trovare la villa perfetta non \u00e8 mai stato cos\u00ec semplice.\nContattaci tramite <b>telefono, WhatsApp o e-mail<\/b> e raccontaci le tue preferenze.\nCi occuperemo noi di cercare la propriet\u00e0 che meglio si adatta al tuo <b>budget, stile e necessit\u00e0<\/b>.\n\nCon <b>La Casa Ibicenca<\/b>, ci prendiamo cura di tutto, cos\u00ec tu potrai <b>solo goderti la tua vacanza<\/b>.\nVivi un\u2019esperienza unica, scopri la vera Ibiza e lasciati conquistare dal <b>fascino delle nostre ville<\/b>.<\/p><\/div><\/div>\t\t\t\t<\/div>\n\t\t\t\t<\/div>\n\t\t\t\t<\/div>\n\t\t\t\t<\/div>\n\t\t\t\t\t<\/div>\n\t\t\t\t<\/div>\n\t\t<div class=\"elementor-element elementor-element-8f4b290 e-flex e-con-boxed e-con e-parent\" data-id=\"8f4b290\" data-element_type=\"container\" data-e-type=\"container\">\n\t\t\t\t\t<div class=\"e-con-inner\">\n\t\t\t\t<div class=\"elementor-element elementor-element-6c8c9f4 elementor-widget elementor-widget-Wprentals_Full_Map\" data-id=\"6c8c9f4\" data-element_type=\"widget\" data-e-type=\"widget\" data-widget_type=\"Wprentals_Full_Map.default\">\n\t\t\t\t<div class=\"elementor-widget-container\">\n\t\t\t\t\t<!-- Google Map -->\n\n<div id=\"gmap_wrapper\"  class=\"\"   data-post_id=\"28198\" data-cur_lat=\"0\" data-cur_long=\"0\" style=\"height:550px\"  >\n    <span id=\"isgooglemap\" data-isgooglemap=\"1\"><\/span>       \n   \n    <div id=\"gmap-controls-wrapper\">\n        <div id=\"gmapzoomplus\"><\/div>\n        <div id=\"gmapzoomminus\"><\/div>\n    \n        <div  id=\"geolocation-button\"><\/div>\n        <div  id=\"gmap-full\"><\/div>\n        <div  id=\"gmap-prev\"><\/div>\n        <div  id=\"gmap-next\" ><\/div>\n    <\/div>\n    \n    \n    \n    <div id=\"googleMap\"  style=\"height:550px\">   \n    <\/div>    \n  \n   <div class=\"tooltip\"> clicca per abilitare lo zoom<\/div>   \n            <div id=\"gmap-loading\">Caricamento di mappe             <div class=\"loader-inner ball-pulse\"  id=\"listing_loader_maps\">\n                 <div class=\"double-bounce1\"><\/div>\n                 <div class=\"double-bounce2\"><\/div>\n             <\/div>\n        <\/div>\n       \n   <div id=\"gmap-noresult\">\n       Non abbiamo trovato alcun risultato   <\/div>\n   \n   <div class=\"gmap-controls\">\n         <div id=\"openmap\"><i class=\"fas fa-angle-down\"><\/i>apri la mappa<\/div>  \n   <\/div>\n<\/div>    \n<!-- END Google Map --> <div id=\"wpestate_full_map_control_data\"  data-zoom=\"10\"><\/div><script type=\"text\/javascript\">\n                \/\/<![CDATA[\n                var is_map_shortcode=1;\n                var map_style_shortcode=\"\";jQuery(document).ready(function(){\n                    googlecode_regular_vars.generated_pins=\"0\";\n                    mapfunctions_vars.open_close_status=\"1\";\n                    googlecode_regular_vars.markers=\"[[\\\"Casa%20Mar\\\",\\\"38.928012236214\\\",\\\"1.2299069234549\\\",1,\\\"https%3A%2F%2Flacasaibicenca.es%2Fwp-content%2Fuploads%2F2026%2F03%2Fcasa-mar_lacasaibicenca-1-dd-400x314.jpg\\\",\\\"\\\",\\\"ville\\\",\\\"stagionale\\\",\\\"villestagionale\\\",\\\"https%3A%2F%2Flacasaibicenca.es%2Fit%2Fproperties%2Fcasa-mar%2F\\\",42492,\\\"san-jose\\\",\\\"cala-moli\\\",0,\\\"4\\\",\\\"8\\\",\\\"\\\",\\\"Ville\\\",\\\"Stagionale\\\",\\\"\\\",\\\"0 \\\\u20ac\\\"],[\\\"Blanca%20House\\\",\\\"38.85418950251647\\\",\\\"1.391747256218423\\\",2,\\\"https%3A%2F%2Flacasaibicenca.es%2Fwp-content%2Fuploads%2F2026%2F03%2Fblanca-house-lacasaibicenca-1-400x314.jpeg\\\",\\\"\\\",\\\"ville\\\",\\\"stagionale\\\",\\\"villestagionale\\\",\\\"https%3A%2F%2Flacasaibicenca.es%2Fit%2Fproperties%2Fblanca-house%2F\\\",42467,\\\"san-jose\\\",\\\"las-salinas\\\",0,\\\"3\\\",\\\"6\\\",\\\"\\\",\\\"Ville\\\",\\\"Stagionale\\\",\\\"\\\",\\\"0 \\\\u20ac\\\"],[\\\"Can%20Hermanos\\\",\\\"38.944981791493\\\",\\\"1.3128465304056\\\",3,\\\"https%3A%2F%2Flacasaibicenca.es%2Fwp-content%2Fuploads%2F2025%2F12%2Fcan_hermanos_lacasaibicenca-1-400x314.jpg\\\",\\\"\\\",\\\"ville\\\",\\\"stagionale\\\",\\\"villestagionale\\\",\\\"https%3A%2F%2Flacasaibicenca.es%2Fit%2Fproperties%2Fcan-hermanos%2F\\\",34956,\\\"san-jose\\\",\\\"san-agustin\\\",0,\\\"5\\\",\\\"10\\\",\\\"3,500\\\",\\\"Ville\\\",\\\"Stagionale\\\",\\\"\\\",\\\"0 \\\\u20ac\\\"],[\\\"Can%20Raga\\\",\\\"38.927683733684\\\",\\\"1.2290556791756\\\",4,\\\"https%3A%2F%2Flacasaibicenca.es%2Fwp-content%2Fuploads%2F2025%2F12%2FCan-Raga_lacasaibicenca-2-400x314.jpg\\\",\\\"\\\",\\\"ville\\\",\\\"stagionale\\\",\\\"villestagionale\\\",\\\"https%3A%2F%2Flacasaibicenca.es%2Fit%2Fproperties%2Fcan-raga%2F\\\",33909,\\\"san-jose\\\",\\\"cala-moli\\\",0,\\\"5\\\",\\\"10\\\",\\\"\\\",\\\"Ville\\\",\\\"Stagionale\\\",\\\"\\\",\\\"0 \\\\u20ac\\\"],[\\\"Villa%20Fiframar\\\",\\\"38.95737877131\\\",\\\"1.2342629897418\\\",5,\\\"https%3A%2F%2Flacasaibicenca.es%2Fwp-content%2Fuploads%2F2025%2F11%2FVilla-Fiframar_lacasaibicenca-1-400x314.jpg\\\",\\\"\\\",\\\"ville\\\",\\\"stagionale\\\",\\\"villestagionale\\\",\\\"https%3A%2F%2Flacasaibicenca.es%2Fit%2Fproperties%2Fvilla-fiframar%2F\\\",29225,\\\"san-jose\\\",\\\"cala-conta\\\",0,\\\"8\\\",\\\"16\\\",\\\"25,000\\\",\\\"Ville\\\",\\\"Stagionale\\\",\\\"\\\",\\\"0 \\\\u20ac\\\"]]\"\n                    if (typeof google === \"object\" && typeof google.maps === \"object\") {\n                        google.maps.event.addDomListener(window, \"load\", wprentals_initialize_map);\n                    }else{\n                        wprentals_initialize_map();\n                        map.invalidateSize();\n                    }\n                });\n                \/\/]]>\n            <\/script>\t\t\t\t<\/div>\n\t\t\t\t<\/div>\n\t\t\t\t\t<\/div>\n\t\t\t\t<\/div>\n\t\t\t\t<\/div>\n\t\t","protected":false},"excerpt":{"rendered":"<p>Affitto turistico a ibizia La tua vacanza perfetta ti aspetta AFFITTO TURISTICO LA CASA IBICENCA La tua permanenza a Ibiza merita di essere indimenticabile. In La Casa Ibicenca selezioniamo con cura le ville in affitto turistico pi\u00f9 esclusive di Ibiza, propriet\u00e0 uniche che combinano lusso, comfort e autentico spirito mediterraneo. Inoltre, ci occupiamo di gestire &#8230;<\/p>\n","protected":false},"author":1,"featured_media":0,"parent":0,"menu_order":0,"comment_status":"closed","ping_status":"closed","template":"property_list.php","meta":{"inline_featured_image":false,"footnotes":""},"class_list":["post-28198","page","type-page","status-publish","hentry"],"yoast_head":"<!-- This site is optimized with the Yoast SEO plugin v27.3 - https:\/\/yoast.com\/product\/yoast-seo-wordpress\/ -->\n<title>Affitto Turistico a Ibiza | Ville Esclusive di Lusso \u2013 La Casa Ibicenca<\/title>\n<meta name=\"description\" content=\"Le migliori ville in affitto turistico a Ibiza con La Casa Ibicenca. Lusso, comfort e autenticit\u00e0. Prenota la tua villa da sogno.\" \/>\n<meta name=\"robots\" content=\"index, follow, max-snippet:-1, max-image-preview:large, max-video-preview:-1\" \/>\n<link rel=\"canonical\" href=\"https:\/\/lacasaibicenca.es\/it\/affitto-turistico\/\" \/>\n<meta property=\"og:locale\" content=\"it_IT\" \/>\n<meta property=\"og:type\" content=\"article\" \/>\n<meta property=\"og:title\" content=\"Affitto Turistico a Ibiza | Ville Esclusive di Lusso \u2013 La Casa Ibicenca\" \/>\n<meta property=\"og:description\" content=\"Le migliori ville in affitto turistico a Ibiza con La Casa Ibicenca. Lusso, comfort e autenticit\u00e0. Prenota la tua villa da sogno.\" \/>\n<meta property=\"og:url\" content=\"https:\/\/lacasaibicenca.es\/it\/affitto-turistico\/\" \/>\n<meta property=\"og:site_name\" content=\"La Casa Ibicenca\" \/>\n<meta property=\"article:modified_time\" content=\"2026-01-20T10:10:33+00:00\" \/>\n<meta property=\"og:image\" content=\"https:\/\/lacasaibicenca.es\/wp-content\/uploads\/2026\/01\/la-casa-ibicenca-logo.png?wsr\" \/>\n\t<meta property=\"og:image:width\" content=\"954\" \/>\n\t<meta property=\"og:image:height\" content=\"526\" \/>\n\t<meta property=\"og:image:type\" content=\"image\/png\" \/>\n<meta name=\"twitter:card\" content=\"summary_large_image\" \/>\n<meta name=\"twitter:label1\" content=\"Tempo di lettura stimato\" \/>\n\t<meta name=\"twitter:data1\" content=\"3 minuti\" \/>\n<!-- \/ Yoast SEO plugin. -->","yoast_head_json":{"title":"Affitto Turistico a Ibiza | Ville Esclusive di Lusso \u2013 La Casa Ibicenca","description":"Le migliori ville in affitto turistico a Ibiza con La Casa Ibicenca. Lusso, comfort e autenticit\u00e0. Prenota la tua villa da sogno.","robots":{"index":"index","follow":"follow","max-snippet":"max-snippet:-1","max-image-preview":"max-image-preview:large","max-video-preview":"max-video-preview:-1"},"canonical":"https:\/\/lacasaibicenca.es\/it\/affitto-turistico\/","og_locale":"it_IT","og_type":"article","og_title":"Affitto Turistico a Ibiza | Ville Esclusive di Lusso \u2013 La Casa Ibicenca","og_description":"Le migliori ville in affitto turistico a Ibiza con La Casa Ibicenca. Lusso, comfort e autenticit\u00e0. Prenota la tua villa da sogno.","og_url":"https:\/\/lacasaibicenca.es\/it\/affitto-turistico\/","og_site_name":"La Casa Ibicenca","article_modified_time":"2026-01-20T10:10:33+00:00","og_image":[{"width":954,"height":526,"url":"https:\/\/lacasaibicenca.es\/wp-content\/uploads\/2026\/01\/la-casa-ibicenca-logo.png?wsr","type":"image\/png"}],"twitter_card":"summary_large_image","twitter_misc":{"Tempo di lettura stimato":"3 minuti"},"schema":{"@context":"https:\/\/schema.org","@graph":[{"@type":["Article","BlogPosting"],"@id":"https:\/\/lacasaibicenca.es\/it\/affitto-turistico\/#article","isPartOf":{"@id":"https:\/\/lacasaibicenca.es\/it\/affitto-turistico\/"},"author":{"name":"admin","@id":"https:\/\/lacasaibicenca.es\/it\/#\/schema\/person\/697276b052b416c2436ccc892325c68c"},"headline":"AFFITTO TURISTICO","datePublished":"2025-10-20T14:00:24+00:00","dateModified":"2026-01-20T10:10:33+00:00","mainEntityOfPage":{"@id":"https:\/\/lacasaibicenca.es\/it\/affitto-turistico\/"},"wordCount":463,"publisher":{"@id":"https:\/\/lacasaibicenca.es\/it\/#organization"},"inLanguage":"it-IT"},{"@type":"WebPage","@id":"https:\/\/lacasaibicenca.es\/it\/affitto-turistico\/","url":"https:\/\/lacasaibicenca.es\/it\/affitto-turistico\/","name":"Affitto Turistico a Ibiza | Ville Esclusive di Lusso \u2013 La Casa Ibicenca","isPartOf":{"@id":"https:\/\/lacasaibicenca.es\/it\/#website"},"datePublished":"2025-10-20T14:00:24+00:00","dateModified":"2026-01-20T10:10:33+00:00","description":"Le migliori ville in affitto turistico a Ibiza con La Casa Ibicenca. Lusso, comfort e autenticit\u00e0. Prenota la tua villa da sogno.","breadcrumb":{"@id":"https:\/\/lacasaibicenca.es\/it\/affitto-turistico\/#breadcrumb"},"inLanguage":"it-IT","potentialAction":[{"@type":"ReadAction","target":["https:\/\/lacasaibicenca.es\/it\/affitto-turistico\/"]}]},{"@type":"BreadcrumbList","@id":"https:\/\/lacasaibicenca.es\/it\/affitto-turistico\/#breadcrumb","itemListElement":[{"@type":"ListItem","position":1,"name":"Home","item":"https:\/\/lacasaibicenca.es\/it\/"},{"@type":"ListItem","position":2,"name":"AFFITTO TURISTICO"}]},{"@type":"WebSite","@id":"https:\/\/lacasaibicenca.es\/it\/#website","url":"https:\/\/lacasaibicenca.es\/it\/","name":"La Casa Ibicenca","description":"Affitto e Gestione di ville a Ibiza","publisher":{"@id":"https:\/\/lacasaibicenca.es\/it\/#organization"},"alternateName":"Alquiler Tur\u00edstico, Mantenimiento y Reformas de Villas en Ibiza","potentialAction":[{"@type":"SearchAction","target":{"@type":"EntryPoint","urlTemplate":"https:\/\/lacasaibicenca.es\/it\/?s={search_term_string}"},"query-input":{"@type":"PropertyValueSpecification","valueRequired":true,"valueName":"search_term_string"}}],"inLanguage":"it-IT"},{"@type":"Organization","@id":"https:\/\/lacasaibicenca.es\/it\/#organization","name":"La Casa Ibicenca","alternateName":"Alquiler Tur\u00edstico, Mantenimiento y Reformas de Villas en Ibiza","url":"https:\/\/lacasaibicenca.es\/it\/","logo":{"@type":"ImageObject","inLanguage":"it-IT","@id":"https:\/\/lacasaibicenca.es\/it\/#\/schema\/logo\/image\/","url":"https:\/\/lacasaibicenca.es\/wp-content\/uploads\/2026\/01\/logo-la-casa-ibicenca.png","contentUrl":"https:\/\/lacasaibicenca.es\/wp-content\/uploads\/2026\/01\/logo-la-casa-ibicenca.png","width":1024,"height":1024,"caption":"La Casa Ibicenca"},"image":{"@id":"https:\/\/lacasaibicenca.es\/it\/#\/schema\/logo\/image\/"}},{"@type":"Person","@id":"https:\/\/lacasaibicenca.es\/it\/#\/schema\/person\/697276b052b416c2436ccc892325c68c","name":"admin","sameAs":["https:\/\/lacasaibicenca.es"]}]}},"_links":{"self":[{"href":"https:\/\/lacasaibicenca.es\/it\/wp-json\/wp\/v2\/pages\/28198","targetHints":{"allow":["GET"]}}],"collection":[{"href":"https:\/\/lacasaibicenca.es\/it\/wp-json\/wp\/v2\/pages"}],"about":[{"href":"https:\/\/lacasaibicenca.es\/it\/wp-json\/wp\/v2\/types\/page"}],"author":[{"embeddable":true,"href":"https:\/\/lacasaibicenca.es\/it\/wp-json\/wp\/v2\/users\/1"}],"replies":[{"embeddable":true,"href":"https:\/\/lacasaibicenca.es\/it\/wp-json\/wp\/v2\/comments?post=28198"}],"version-history":[{"count":117,"href":"https:\/\/lacasaibicenca.es\/it\/wp-json\/wp\/v2\/pages\/28198\/revisions"}],"predecessor-version":[{"id":41108,"href":"https:\/\/lacasaibicenca.es\/it\/wp-json\/wp\/v2\/pages\/28198\/revisions\/41108"}],"wp:attachment":[{"href":"https:\/\/lacasaibicenca.es\/it\/wp-json\/wp\/v2\/media?parent=28198"}],"curies":[{"name":"wp","href":"https:\/\/api.w.org\/{rel}","templated":true}]}}