{"id":28200,"date":"2025-10-20T14:00:45","date_gmt":"2025-10-20T14:00:45","guid":{"rendered":"https:\/\/lacasaibicenca.es\/?page_id=28200"},"modified":"2025-12-10T20:01:02","modified_gmt":"2025-12-10T20:01:02","slug":"affitto-stagionale","status":"publish","type":"page","link":"https:\/\/lacasaibicenca.es\/it\/affitto-stagionale\/","title":{"rendered":"AFFITTO STAGIONALE"},"content":{"rendered":"\t\t<div data-elementor-type=\"wp-page\" data-elementor-id=\"28200\" class=\"elementor elementor-28200\" data-elementor-post-type=\"page\">\n\t\t\t\t\t\t<section class=\"elementor-section elementor-top-section elementor-element elementor-element-3bdc98a9 elementor-section-stretched elementor-section-content-middle elementor-section-boxed elementor-section-height-default elementor-section-height-default\" data-id=\"3bdc98a9\" data-element_type=\"section\" data-e-type=\"section\" data-settings=\"{&quot;stretch_section&quot;:&quot;section-stretched&quot;,&quot;background_background&quot;:&quot;classic&quot;}\">\n\t\t\t\t\t\t\t<div class=\"elementor-background-overlay\"><\/div>\n\t\t\t\t\t\t\t<div class=\"elementor-container elementor-column-gap-no\">\n\t\t\t\t\t<div class=\"elementor-column elementor-col-100 elementor-top-column elementor-element elementor-element-366ee57c\" data-id=\"366ee57c\" data-element_type=\"column\" data-e-type=\"column\">\n\t\t\t<div class=\"elementor-widget-wrap elementor-element-populated\">\n\t\t\t\t\t\t<div class=\"elementor-element elementor-element-6ddf3b4a animated-fast elementor-invisible elementor-widget elementor-widget-heading\" data-id=\"6ddf3b4a\" data-element_type=\"widget\" data-e-type=\"widget\" data-settings=\"{&quot;_animation&quot;:&quot;fadeIn&quot;,&quot;_animation_delay&quot;:50}\" data-widget_type=\"heading.default\">\n\t\t\t\t\t<p class=\"elementor-heading-title elementor-size-default\">\n<\/p>\t\t\t\t<\/div>\n\t\t\t\t<div class=\"elementor-element elementor-element-d5cdc89 animated-fast elementor-invisible elementor-widget elementor-widget-heading\" data-id=\"d5cdc89\" data-element_type=\"widget\" data-e-type=\"widget\" data-settings=\"{&quot;_animation&quot;:&quot;fadeIn&quot;,&quot;_animation_delay&quot;:50}\" data-widget_type=\"heading.default\">\n\t\t\t\t\t<h1 class=\"elementor-heading-title elementor-size-default\">Affitto stagionale a ibizia<\/h1>\t\t\t\t<\/div>\n\t\t\t\t<div class=\"elementor-element elementor-element-7b25adc2 animated-fast elementor-invisible elementor-widget elementor-widget-heading\" data-id=\"7b25adc2\" data-element_type=\"widget\" data-e-type=\"widget\" data-settings=\"{&quot;_animation&quot;:&quot;fadeIn&quot;,&quot;_animation_delay&quot;:50}\" data-widget_type=\"heading.default\">\n\t\t\t\t\t<h2 class=\"elementor-heading-title elementor-size-default\">La tua vacanza perfetta ti aspetta<\/h2>\t\t\t\t<\/div>\n\t\t\t\t<div class=\"elementor-element elementor-element-134027c9 elementor-widget elementor-widget-spacer\" data-id=\"134027c9\" data-element_type=\"widget\" data-e-type=\"widget\" data-widget_type=\"spacer.default\">\n\t\t\t\t\t\t\t<div class=\"elementor-spacer\">\n\t\t\t<div class=\"elementor-spacer-inner\"><\/div>\n\t\t<\/div>\n\t\t\t\t\t\t<\/div>\n\t\t\t\t\t<\/div>\n\t\t<\/div>\n\t\t\t\t\t<\/div>\n\t\t<\/section>\n\t\t\t\t<section class=\"elementor-section elementor-top-section elementor-element elementor-element-15369101 elementor-section-boxed elementor-section-height-default elementor-section-height-default\" data-id=\"15369101\" data-element_type=\"section\" data-e-type=\"section\" data-settings=\"{&quot;background_background&quot;:&quot;classic&quot;}\">\n\t\t\t\t\t\t<div class=\"elementor-container elementor-column-gap-no\">\n\t\t\t\t\t<div class=\"elementor-column elementor-col-100 elementor-top-column elementor-element elementor-element-11daa67b\" data-id=\"11daa67b\" data-element_type=\"column\" data-e-type=\"column\">\n\t\t\t<div class=\"elementor-widget-wrap elementor-element-populated\">\n\t\t\t\t\t\t<section class=\"elementor-section elementor-inner-section elementor-element elementor-element-70d0a93e elementor-section-boxed elementor-section-height-default elementor-section-height-default\" data-id=\"70d0a93e\" data-element_type=\"section\" data-e-type=\"section\" data-settings=\"{&quot;background_background&quot;:&quot;classic&quot;}\">\n\t\t\t\t\t\t<div class=\"elementor-container elementor-column-gap-default\">\n\t\t\t\t\t<div class=\"elementor-column elementor-col-50 elementor-inner-column elementor-element elementor-element-4239d361\" data-id=\"4239d361\" data-element_type=\"column\" data-e-type=\"column\" data-settings=\"{&quot;background_background&quot;:&quot;classic&quot;}\">\n\t\t\t<div class=\"elementor-widget-wrap\">\n\t\t\t\t\t\t\t<\/div>\n\t\t<\/div>\n\t\t\t\t<div class=\"elementor-column elementor-col-50 elementor-inner-column elementor-element elementor-element-639509e9\" data-id=\"639509e9\" data-element_type=\"column\" data-e-type=\"column\">\n\t\t\t<div class=\"elementor-widget-wrap elementor-element-populated\">\n\t\t\t\t\t\t<div class=\"elementor-element elementor-element-17c920b8 animated-fast elementor-invisible elementor-widget elementor-widget-heading\" data-id=\"17c920b8\" data-element_type=\"widget\" data-e-type=\"widget\" data-settings=\"{&quot;_animation&quot;:&quot;fadeIn&quot;}\" data-widget_type=\"heading.default\">\n\t\t\t\t\t<p class=\"elementor-heading-title elementor-size-default\">AFFITTO STAGIONALE<\/p>\t\t\t\t<\/div>\n\t\t\t\t<div class=\"elementor-element elementor-element-71db929d animated-fast elementor-invisible elementor-widget elementor-widget-heading\" data-id=\"71db929d\" data-element_type=\"widget\" data-e-type=\"widget\" data-settings=\"{&quot;_animation&quot;:&quot;fadeIn&quot;}\" data-widget_type=\"heading.default\">\n\t\t\t\t\t<h2 class=\"elementor-heading-title elementor-size-default\">LA CASA IBICENCA<\/h2>\t\t\t\t<\/div>\n\t\t\t\t<div class=\"elementor-element elementor-element-3548f77a animated-fast elementor-invisible elementor-widget elementor-widget-heading\" data-id=\"3548f77a\" data-element_type=\"widget\" data-e-type=\"widget\" data-settings=\"{&quot;_animation_delay&quot;:100,&quot;_animation&quot;:&quot;fadeIn&quot;}\" data-widget_type=\"heading.default\">\n\t\t\t\t\t<p class=\"elementor-heading-title elementor-size-default\">Sei pronto a vivere le migliori vacanze della tua vita?\nImmagina di trascorrere un\u2019intera stagione in una delle nostre <b>esclusive ville di lusso<\/b> nella splendida isola di Ibiza.\nCon <b>La Casa Ibicenca<\/b>, realizziamo il tuo sogno di goderti il Mediterraneo senza limiti.\nOgni <b>stagione a Ibiza<\/b> ha la sua magia: i paesaggi cambiano, la luce si trasforma e l\u2019energia dell\u2019isola si rinnova.\nCon <b>La Casa Ibicenca<\/b> puoi affittare la tua villa per un\u2019intera stagione, dimenticandoti delle date fisse.\nVivi Ibiza al tuo ritmo, con la libert\u00e0 di avere <b>una casa sempre pronta per te<\/b>.<\/p>\t\t\t\t<\/div>\n\t\t\t\t\t<\/div>\n\t\t<\/div>\n\t\t\t\t\t<\/div>\n\t\t<\/section>\n\t\t\t\t\t<\/div>\n\t\t<\/div>\n\t\t\t\t\t<\/div>\n\t\t<\/section>\n\t\t<div class=\"elementor-element elementor-element-107b6cc e-flex e-con-boxed e-con e-parent\" data-id=\"107b6cc\" data-element_type=\"container\" data-e-type=\"container\" data-settings=\"{&quot;background_background&quot;:&quot;classic&quot;}\">\n\t\t\t\t\t<div class=\"e-con-inner\">\n\t\t<div class=\"elementor-element elementor-element-2caefec8 e-con-full e-flex e-con e-child\" data-id=\"2caefec8\" data-element_type=\"container\" data-e-type=\"container\">\n\t\t<div class=\"elementor-element elementor-element-cec6a10 e-con-full e-flex e-con e-child\" data-id=\"cec6a10\" data-element_type=\"container\" data-e-type=\"container\">\n\t\t<div class=\"elementor-element elementor-element-bb369da e-con-full e-flex e-con e-child\" data-id=\"bb369da\" data-element_type=\"container\" data-e-type=\"container\">\n\t\t\t\t<\/div>\n\t\t<div class=\"elementor-element elementor-element-635ac695 e-con-full e-flex elementor-invisible e-con e-child\" data-id=\"635ac695\" data-element_type=\"container\" data-e-type=\"container\" data-settings=\"{&quot;animation&quot;:&quot;fadeIn&quot;,&quot;animation_delay&quot;:200}\">\n\t\t\t\t<div class=\"elementor-element elementor-element-6b37f598 elementor-widget elementor-widget-heading\" data-id=\"6b37f598\" data-element_type=\"widget\" data-e-type=\"widget\" data-widget_type=\"heading.default\">\n\t\t\t\t\t<h2 class=\"elementor-heading-title elementor-size-default\">Cosa ci distingue<\/h2>\t\t\t\t<\/div>\n\t\t\t\t<div class=\"elementor-element elementor-element-3b7945f7 elementor-widget elementor-widget-heading\" data-id=\"3b7945f7\" data-element_type=\"widget\" data-e-type=\"widget\" data-widget_type=\"heading.default\">\n\t\t\t\t\t<h3 class=\"elementor-heading-title elementor-size-default\">La tua villa, il tuo tempo, la tua isola<\/h3>\t\t\t\t<\/div>\n\t\t\t\t<div class=\"elementor-element elementor-element-5955247 elementor-widget elementor-widget-heading\" data-id=\"5955247\" data-element_type=\"widget\" data-e-type=\"widget\" data-widget_type=\"heading.default\">\n\t\t\t\t\t<p class=\"elementor-heading-title elementor-size-default\">Lasciati conquistare dal <b>fascino di Ibiza<\/b> e vivi l\u2019esperienza che hai sempre immaginato.\n\nCi impegniamo ogni giorno per <b>offrire ai nostri clienti il meglio<\/b>, migliorando costantemente le nostre competenze e servizi.\nSiamo consapevoli che i desideri dei nostri ospiti cambiano continuamente, e per questo ci adattiamo, collaborando con i migliori professionisti dell\u2019isola.\nIl nostro team di esperti sar\u00e0 in grado di offrirti un <b>soggiorno indimenticabile<\/b>, curando ogni dettaglio e <b>soddisfacendo ogni tuo desiderio<\/b>.<\/p>\t\t\t\t<\/div>\n\t\t\t\t<\/div>\n\t\t<div class=\"elementor-element elementor-element-6ab05f92 e-con-full e-flex e-con e-child\" data-id=\"6ab05f92\" data-element_type=\"container\" data-e-type=\"container\">\n\t\t\t\t<\/div>\n\t\t\t\t<\/div>\n\t\t<div class=\"elementor-element elementor-element-732f882c e-con-full e-flex e-con e-child\" data-id=\"732f882c\" data-element_type=\"container\" data-e-type=\"container\">\n\t\t<div class=\"elementor-element elementor-element-2af71cc7 e-con-full e-flex elementor-invisible e-con e-child\" data-id=\"2af71cc7\" data-element_type=\"container\" data-e-type=\"container\" data-settings=\"{&quot;background_background&quot;:&quot;classic&quot;,&quot;animation&quot;:&quot;fadeIn&quot;,&quot;animation_delay&quot;:200}\">\n\t\t\t\t<div class=\"elementor-element elementor-element-69338fad elementor-widget elementor-widget-image-box\" data-id=\"69338fad\" data-element_type=\"widget\" data-e-type=\"widget\" data-widget_type=\"image-box.default\">\n\t\t\t\t\t<div class=\"elementor-image-box-wrapper\"><div class=\"elementor-image-box-content\"><h3 class=\"elementor-image-box-title\">Servizi Esclusivi per un Soggiorno Perfetto<\/h3><p class=\"elementor-image-box-description\">Per rendere la tua esperienza davvero unica, mettiamo a disposizione <b>servizi personalizzati<\/b> che puoi abbinare al tuo affitto stagionale.\nTroverai una descrizione dettagliata di ciascuno di essi visitando le pagine dedicate del nostro sito web.\n\nDurante la prenotazione, il nostro <b>team multilingue<\/b> sar\u00e0 al tuo fianco per aiutarti a organizzare al meglio la tua permanenza, con serenit\u00e0 e totale tranquillit\u00e0.\nOrganizza la tua stagione a Ibiza con tutto ci\u00f2 che ti fa stare bene, essere felice e vivere in completo relax.<\/p><\/div><\/div>\t\t\t\t<\/div>\n\t\t\t\t<\/div>\n\t\t<div class=\"elementor-element elementor-element-2ff13115 e-con-full e-flex elementor-invisible e-con e-child\" data-id=\"2ff13115\" data-element_type=\"container\" data-e-type=\"container\" data-settings=\"{&quot;background_background&quot;:&quot;classic&quot;,&quot;animation&quot;:&quot;fadeIn&quot;,&quot;animation_delay&quot;:200}\">\n\t\t\t\t<div class=\"elementor-element elementor-element-3a5e9c2 elementor-widget elementor-widget-image-box\" data-id=\"3a5e9c2\" data-element_type=\"widget\" data-e-type=\"widget\" data-widget_type=\"image-box.default\">\n\t\t\t\t\t<div class=\"elementor-image-box-wrapper\"><div class=\"elementor-image-box-content\"><h3 class=\"elementor-image-box-title\">Ville di Lusso per Ogni Stagione<\/h3><p class=\"elementor-image-box-description\">Durante l\u2019estate, potresti preferire <b>una villa di lusso immersa in un ampio giardino<\/b>, con una splendida piscina, un accogliente portico dove gustare pranzi all\u2019aperto e un\u2019area soleggiata da cui ammirare una magnifica vista sul mare.\nSe \u00e8 cos\u00ec, sei nel posto giusto: abbiamo autentici <b>gioielli nascosti<\/b> che ti conquisteranno!\n\nAl contrario, se stai cercando una propriet\u00e0 per la <b>bassa stagione<\/b>, in autunno o in inverno, potresti preferire una villa immersa nella campagna, con ampi spazi interni e un grande salone dove trascorrere pomeriggi rilassanti con la famiglia o gli amici \u2014 oppure un elegante appartamento in citt\u00e0.\nTi garantiamo che insieme troveremo <b>la casa perfetta per le tue esigenze<\/b>.<\/p><\/div><\/div>\t\t\t\t<\/div>\n\t\t\t\t<\/div>\n\t\t<div class=\"elementor-element elementor-element-42f19d7 e-con-full e-flex elementor-invisible e-con e-child\" data-id=\"42f19d7\" data-element_type=\"container\" data-e-type=\"container\" data-settings=\"{&quot;background_background&quot;:&quot;classic&quot;,&quot;animation&quot;:&quot;fadeIn&quot;,&quot;animation_delay&quot;:200}\">\n\t\t\t\t<div class=\"elementor-element elementor-element-5a654793 elementor-widget elementor-widget-image-box\" data-id=\"5a654793\" data-element_type=\"widget\" data-e-type=\"widget\" data-widget_type=\"image-box.default\">\n\t\t\t\t\t<div class=\"elementor-image-box-wrapper\"><div class=\"elementor-image-box-content\"><h3 class=\"elementor-image-box-title\">Vivi Ibiza Tutto l\u2019Anno con La Casa Ibicenca<\/h3><p class=\"elementor-image-box-description\">Il team di <b>La Casa Ibicenca<\/b> \u00e8 qui per guidarti e offrirti i migliori consigli, affinch\u00e9 il tuo soggiorno a Ibiza sia semplicemente perfetto.\nDalla scelta della tua villa ideale di lusso fino ai dettagli durante la stagione, saremo sempre al tuo fianco.\n\n<b>Pronto a scegliere la villa perfetta per la tua prossima stagione a Ibiza?<\/b>\nScopri le nostre <b>ville di lusso in affitto stagionale<\/b> e trova quella che ti far\u00e0 sentire davvero a casa, con tutto il comfort e l\u2019eleganza che meriti.\nSiamo certi che sar\u00e0 un\u2019esperienza che vorrai ripetere.<\/p><\/div><\/div>\t\t\t\t<\/div>\n\t\t\t\t<\/div>\n\t\t\t\t<\/div>\n\t\t\t\t<\/div>\n\t\t\t\t\t<\/div>\n\t\t\t\t<\/div>\n\t\t<div class=\"elementor-element elementor-element-177306ea e-flex e-con-boxed e-con e-parent\" data-id=\"177306ea\" data-element_type=\"container\" data-e-type=\"container\">\n\t\t\t\t\t<div class=\"e-con-inner\">\n\t\t\t\t<div class=\"elementor-element elementor-element-75af8908 elementor-widget elementor-widget-Wprentals_Full_Map\" data-id=\"75af8908\" data-element_type=\"widget\" data-e-type=\"widget\" data-widget_type=\"Wprentals_Full_Map.default\">\n\t\t\t\t<div class=\"elementor-widget-container\">\n\t\t\t\t\t<!-- Google Map -->\n\n<div id=\"gmap_wrapper\"  class=\"\"   data-post_id=\"28200\" data-cur_lat=\"0\" data-cur_long=\"0\" style=\"height:550px\"  >\n    <span id=\"isgooglemap\" data-isgooglemap=\"1\"><\/span>       \n   \n    <div id=\"gmap-controls-wrapper\">\n        <div id=\"gmapzoomplus\"><\/div>\n        <div id=\"gmapzoomminus\"><\/div>\n    \n        <div  id=\"geolocation-button\"><\/div>\n        <div  id=\"gmap-full\"><\/div>\n        <div  id=\"gmap-prev\"><\/div>\n        <div  id=\"gmap-next\" ><\/div>\n    <\/div>\n    \n    \n    \n    <div id=\"googleMap\"  style=\"height:550px\">   \n    <\/div>    \n  \n   <div class=\"tooltip\"> clicca per abilitare lo zoom<\/div>   \n            <div id=\"gmap-loading\">Caricamento di mappe             <div class=\"loader-inner ball-pulse\"  id=\"listing_loader_maps\">\n                 <div class=\"double-bounce1\"><\/div>\n                 <div class=\"double-bounce2\"><\/div>\n             <\/div>\n        <\/div>\n       \n   <div id=\"gmap-noresult\">\n       Non abbiamo trovato alcun risultato   <\/div>\n   \n   <div class=\"gmap-controls\">\n         <div id=\"openmap\"><i class=\"fas fa-angle-down\"><\/i>apri la mappa<\/div>  \n   <\/div>\n<\/div>    \n<!-- END Google Map --> <div id=\"wpestate_full_map_control_data\"  data-zoom=\"10\"><\/div><script type=\"text\/javascript\">\n                \/\/<![CDATA[\n                var is_map_shortcode=1;\n                var map_style_shortcode=\"\";jQuery(document).ready(function(){\n                    googlecode_regular_vars.generated_pins=\"0\";\n                    mapfunctions_vars.open_close_status=\"1\";\n                    googlecode_regular_vars.markers=\"[[\\\"Casa%20Mar\\\",\\\"38.928012236214\\\",\\\"1.2299069234549\\\",1,\\\"https%3A%2F%2Flacasaibicenca.es%2Fwp-content%2Fuploads%2F2026%2F03%2Fcasa-mar_lacasaibicenca-1-dd-400x314.jpg\\\",\\\"\\\",\\\"ville\\\",\\\"stagionale\\\",\\\"villestagionale\\\",\\\"https%3A%2F%2Flacasaibicenca.es%2Fit%2Fproperties%2Fcasa-mar%2F\\\",42492,\\\"san-jose\\\",\\\"cala-moli\\\",0,\\\"4\\\",\\\"8\\\",\\\"\\\",\\\"Ville\\\",\\\"Stagionale\\\",\\\"\\\",\\\"0 \\\\u20ac\\\"],[\\\"Blanca%20House\\\",\\\"38.85418950251647\\\",\\\"1.391747256218423\\\",2,\\\"https%3A%2F%2Flacasaibicenca.es%2Fwp-content%2Fuploads%2F2026%2F03%2Fblanca-house-lacasaibicenca-1-400x314.jpeg\\\",\\\"\\\",\\\"ville\\\",\\\"stagionale\\\",\\\"villestagionale\\\",\\\"https%3A%2F%2Flacasaibicenca.es%2Fit%2Fproperties%2Fblanca-house%2F\\\",42467,\\\"san-jose\\\",\\\"las-salinas\\\",0,\\\"3\\\",\\\"6\\\",\\\"\\\",\\\"Ville\\\",\\\"Stagionale\\\",\\\"\\\",\\\"0 \\\\u20ac\\\"],[\\\"Can%20Hermanos\\\",\\\"38.944981791493\\\",\\\"1.3128465304056\\\",3,\\\"https%3A%2F%2Flacasaibicenca.es%2Fwp-content%2Fuploads%2F2025%2F12%2Fcan_hermanos_lacasaibicenca-1-400x314.jpg\\\",\\\"\\\",\\\"ville\\\",\\\"stagionale\\\",\\\"villestagionale\\\",\\\"https%3A%2F%2Flacasaibicenca.es%2Fit%2Fproperties%2Fcan-hermanos%2F\\\",34956,\\\"san-jose\\\",\\\"san-agustin\\\",0,\\\"5\\\",\\\"10\\\",\\\"3,500\\\",\\\"Ville\\\",\\\"Stagionale\\\",\\\"\\\",\\\"0 \\\\u20ac\\\"],[\\\"Can%20Raga\\\",\\\"38.927683733684\\\",\\\"1.2290556791756\\\",4,\\\"https%3A%2F%2Flacasaibicenca.es%2Fwp-content%2Fuploads%2F2025%2F12%2FCan-Raga_lacasaibicenca-2-400x314.jpg\\\",\\\"\\\",\\\"ville\\\",\\\"stagionale\\\",\\\"villestagionale\\\",\\\"https%3A%2F%2Flacasaibicenca.es%2Fit%2Fproperties%2Fcan-raga%2F\\\",33909,\\\"san-jose\\\",\\\"cala-moli\\\",0,\\\"5\\\",\\\"10\\\",\\\"\\\",\\\"Ville\\\",\\\"Stagionale\\\",\\\"\\\",\\\"0 \\\\u20ac\\\"],[\\\"Villa%20Fiframar\\\",\\\"38.95737877131\\\",\\\"1.2342629897418\\\",5,\\\"https%3A%2F%2Flacasaibicenca.es%2Fwp-content%2Fuploads%2F2025%2F11%2FVilla-Fiframar_lacasaibicenca-1-400x314.jpg\\\",\\\"\\\",\\\"ville\\\",\\\"stagionale\\\",\\\"villestagionale\\\",\\\"https%3A%2F%2Flacasaibicenca.es%2Fit%2Fproperties%2Fvilla-fiframar%2F\\\",29225,\\\"san-jose\\\",\\\"cala-conta\\\",0,\\\"8\\\",\\\"16\\\",\\\"25,000\\\",\\\"Ville\\\",\\\"Stagionale\\\",\\\"\\\",\\\"0 \\\\u20ac\\\"]]\"\n                    if (typeof google === \"object\" && typeof google.maps === \"object\") {\n                        google.maps.event.addDomListener(window, \"load\", wprentals_initialize_map);\n                    }else{\n                        wprentals_initialize_map();\n                        map.invalidateSize();\n                    }\n                });\n                \/\/]]>\n            <\/script>\t\t\t\t<\/div>\n\t\t\t\t<\/div>\n\t\t\t\t\t<\/div>\n\t\t\t\t<\/div>\n\t\t\t\t<\/div>\n\t\t","protected":false},"excerpt":{"rendered":"<p>Affitto stagionale a ibizia La tua vacanza perfetta ti aspetta AFFITTO STAGIONALE LA CASA IBICENCA Sei pronto a vivere le migliori vacanze della tua vita? Immagina di trascorrere un\u2019intera stagione in una delle nostre esclusive ville di lusso nella splendida isola di Ibiza. Con La Casa Ibicenca, realizziamo il tuo sogno di goderti il Mediterraneo &#8230;<\/p>\n","protected":false},"author":1,"featured_media":0,"parent":0,"menu_order":0,"comment_status":"closed","ping_status":"closed","template":"property_list.php","meta":{"inline_featured_image":false,"footnotes":""},"class_list":["post-28200","page","type-page","status-publish","hentry"],"yoast_head":"<!-- This site is optimized with the Yoast SEO plugin v27.3 - https:\/\/yoast.com\/product\/yoast-seo-wordpress\/ -->\n<title>Affitto Stagionale di Ville di Lusso a Ibiza \u2013 La Casa Ibicenca<\/title>\n<meta name=\"description\" content=\"Ville di lusso in affitto stagionale a Ibiza. Vivi il Mediterraneo con comfort, libert\u00e0 e servizi esclusivi firmati La Casa Ibicenca.\" \/>\n<meta name=\"robots\" content=\"index, follow, max-snippet:-1, max-image-preview:large, max-video-preview:-1\" \/>\n<link rel=\"canonical\" href=\"https:\/\/lacasaibicenca.es\/it\/affitto-stagionale\/\" \/>\n<meta property=\"og:locale\" content=\"it_IT\" \/>\n<meta property=\"og:type\" content=\"article\" \/>\n<meta property=\"og:title\" content=\"Affitto Stagionale di Ville di Lusso a Ibiza \u2013 La Casa Ibicenca\" \/>\n<meta property=\"og:description\" content=\"Ville di lusso in affitto stagionale a Ibiza. Vivi il Mediterraneo con comfort, libert\u00e0 e servizi esclusivi firmati La Casa Ibicenca.\" \/>\n<meta property=\"og:url\" content=\"https:\/\/lacasaibicenca.es\/it\/affitto-stagionale\/\" \/>\n<meta property=\"og:site_name\" content=\"La Casa Ibicenca\" \/>\n<meta property=\"article:modified_time\" content=\"2025-12-10T20:01:02+00:00\" \/>\n<meta property=\"og:image\" content=\"https:\/\/lacasaibicenca.es\/wp-content\/uploads\/2026\/01\/la-casa-ibicenca-logo.png?wsr\" \/>\n\t<meta property=\"og:image:width\" content=\"954\" \/>\n\t<meta property=\"og:image:height\" content=\"526\" \/>\n\t<meta property=\"og:image:type\" content=\"image\/png\" \/>\n<meta name=\"twitter:card\" content=\"summary_large_image\" \/>\n<meta name=\"twitter:label1\" content=\"Tempo di lettura stimato\" \/>\n\t<meta name=\"twitter:data1\" content=\"3 minuti\" \/>\n<!-- \/ Yoast SEO plugin. -->","yoast_head_json":{"title":"Affitto Stagionale di Ville di Lusso a Ibiza \u2013 La Casa Ibicenca","description":"Ville di lusso in affitto stagionale a Ibiza. Vivi il Mediterraneo con comfort, libert\u00e0 e servizi esclusivi firmati La Casa Ibicenca.","robots":{"index":"index","follow":"follow","max-snippet":"max-snippet:-1","max-image-preview":"max-image-preview:large","max-video-preview":"max-video-preview:-1"},"canonical":"https:\/\/lacasaibicenca.es\/it\/affitto-stagionale\/","og_locale":"it_IT","og_type":"article","og_title":"Affitto Stagionale di Ville di Lusso a Ibiza \u2013 La Casa Ibicenca","og_description":"Ville di lusso in affitto stagionale a Ibiza. Vivi il Mediterraneo con comfort, libert\u00e0 e servizi esclusivi firmati La Casa Ibicenca.","og_url":"https:\/\/lacasaibicenca.es\/it\/affitto-stagionale\/","og_site_name":"La Casa Ibicenca","article_modified_time":"2025-12-10T20:01:02+00:00","og_image":[{"width":954,"height":526,"url":"https:\/\/lacasaibicenca.es\/wp-content\/uploads\/2026\/01\/la-casa-ibicenca-logo.png?wsr","type":"image\/png"}],"twitter_card":"summary_large_image","twitter_misc":{"Tempo di lettura stimato":"3 minuti"},"schema":{"@context":"https:\/\/schema.org","@graph":[{"@type":["Article","BlogPosting"],"@id":"https:\/\/lacasaibicenca.es\/it\/affitto-stagionale\/#article","isPartOf":{"@id":"https:\/\/lacasaibicenca.es\/it\/affitto-stagionale\/"},"author":{"name":"admin","@id":"https:\/\/lacasaibicenca.es\/it\/#\/schema\/person\/697276b052b416c2436ccc892325c68c"},"headline":"AFFITTO STAGIONALE","datePublished":"2025-10-20T14:00:45+00:00","dateModified":"2025-12-10T20:01:02+00:00","mainEntityOfPage":{"@id":"https:\/\/lacasaibicenca.es\/it\/affitto-stagionale\/"},"wordCount":522,"publisher":{"@id":"https:\/\/lacasaibicenca.es\/it\/#organization"},"inLanguage":"it-IT"},{"@type":"WebPage","@id":"https:\/\/lacasaibicenca.es\/it\/affitto-stagionale\/","url":"https:\/\/lacasaibicenca.es\/it\/affitto-stagionale\/","name":"Affitto Stagionale di Ville di Lusso a Ibiza \u2013 La Casa Ibicenca","isPartOf":{"@id":"https:\/\/lacasaibicenca.es\/it\/#website"},"datePublished":"2025-10-20T14:00:45+00:00","dateModified":"2025-12-10T20:01:02+00:00","description":"Ville di lusso in affitto stagionale a Ibiza. Vivi il Mediterraneo con comfort, libert\u00e0 e servizi esclusivi firmati La Casa Ibicenca.","breadcrumb":{"@id":"https:\/\/lacasaibicenca.es\/it\/affitto-stagionale\/#breadcrumb"},"inLanguage":"it-IT","potentialAction":[{"@type":"ReadAction","target":["https:\/\/lacasaibicenca.es\/it\/affitto-stagionale\/"]}]},{"@type":"BreadcrumbList","@id":"https:\/\/lacasaibicenca.es\/it\/affitto-stagionale\/#breadcrumb","itemListElement":[{"@type":"ListItem","position":1,"name":"Home","item":"https:\/\/lacasaibicenca.es\/it\/"},{"@type":"ListItem","position":2,"name":"AFFITTO STAGIONALE"}]},{"@type":"WebSite","@id":"https:\/\/lacasaibicenca.es\/it\/#website","url":"https:\/\/lacasaibicenca.es\/it\/","name":"La Casa Ibicenca","description":"Affitto e Gestione di ville a Ibiza","publisher":{"@id":"https:\/\/lacasaibicenca.es\/it\/#organization"},"alternateName":"Alquiler Tur\u00edstico, Mantenimiento y Reformas de Villas en Ibiza","potentialAction":[{"@type":"SearchAction","target":{"@type":"EntryPoint","urlTemplate":"https:\/\/lacasaibicenca.es\/it\/?s={search_term_string}"},"query-input":{"@type":"PropertyValueSpecification","valueRequired":true,"valueName":"search_term_string"}}],"inLanguage":"it-IT"},{"@type":"Organization","@id":"https:\/\/lacasaibicenca.es\/it\/#organization","name":"La Casa Ibicenca","alternateName":"Alquiler Tur\u00edstico, Mantenimiento y Reformas de Villas en Ibiza","url":"https:\/\/lacasaibicenca.es\/it\/","logo":{"@type":"ImageObject","inLanguage":"it-IT","@id":"https:\/\/lacasaibicenca.es\/it\/#\/schema\/logo\/image\/","url":"https:\/\/lacasaibicenca.es\/wp-content\/uploads\/2026\/01\/logo-la-casa-ibicenca.png","contentUrl":"https:\/\/lacasaibicenca.es\/wp-content\/uploads\/2026\/01\/logo-la-casa-ibicenca.png","width":1024,"height":1024,"caption":"La Casa Ibicenca"},"image":{"@id":"https:\/\/lacasaibicenca.es\/it\/#\/schema\/logo\/image\/"}},{"@type":"Person","@id":"https:\/\/lacasaibicenca.es\/it\/#\/schema\/person\/697276b052b416c2436ccc892325c68c","name":"admin","sameAs":["https:\/\/lacasaibicenca.es"]}]}},"_links":{"self":[{"href":"https:\/\/lacasaibicenca.es\/it\/wp-json\/wp\/v2\/pages\/28200","targetHints":{"allow":["GET"]}}],"collection":[{"href":"https:\/\/lacasaibicenca.es\/it\/wp-json\/wp\/v2\/pages"}],"about":[{"href":"https:\/\/lacasaibicenca.es\/it\/wp-json\/wp\/v2\/types\/page"}],"author":[{"embeddable":true,"href":"https:\/\/lacasaibicenca.es\/it\/wp-json\/wp\/v2\/users\/1"}],"replies":[{"embeddable":true,"href":"https:\/\/lacasaibicenca.es\/it\/wp-json\/wp\/v2\/comments?post=28200"}],"version-history":[{"count":77,"href":"https:\/\/lacasaibicenca.es\/it\/wp-json\/wp\/v2\/pages\/28200\/revisions"}],"predecessor-version":[{"id":32975,"href":"https:\/\/lacasaibicenca.es\/it\/wp-json\/wp\/v2\/pages\/28200\/revisions\/32975"}],"wp:attachment":[{"href":"https:\/\/lacasaibicenca.es\/it\/wp-json\/wp\/v2\/media?parent=28200"}],"curies":[{"name":"wp","href":"https:\/\/api.w.org\/{rel}","templated":true}]}}