{"id":29147,"date":"2025-11-10T08:08:40","date_gmt":"2025-11-10T08:08:40","guid":{"rendered":"https:\/\/lacasaibicenca.es\/?page_id=29147"},"modified":"2025-12-07T14:57:46","modified_gmt":"2025-12-07T14:57:46","slug":"nota-legale","status":"publish","type":"page","link":"https:\/\/lacasaibicenca.es\/it\/nota-legale\/","title":{"rendered":"Nota Legale"},"content":{"rendered":"<div class=\"wpb-content-wrapper\"><p>[vc_row][vc_column][vc_column_text css=&#8221;&#8221;]<\/p>\r\n<h1 class=\"wp-block-heading\"><strong>TERMINI E CONDIZIONI D\u2019USO DEL SITO WEB<\/strong><\/h1>\r\n<!-- \/wp:post-content -->\r\n<p>&nbsp;<\/p>\r\n<!-- wp:heading {\"level\":1} -->\r\n<h1 class=\"wp-block-heading\"><strong>AVVISO LEGALE <\/strong><\/h1>\r\n<!-- \/wp:heading -->\r\n<p><!-- wp:paragraph -->In conformit\u00e0 all\u2019Articolo 10 della Legge 34\/2002, dell\u201911 luglio, sui Servizi della Societ\u00e0 dell\u2019Informazione e del Commercio Elettronico (LSSI-CE), si forniscono i seguenti dati identificativi del titolare di questo sito web:<\/p>\r\n<!-- \/wp:paragraph -->\r\n<p><!-- wp:paragraph --><strong>Titolare \/ Ragione sociale:<\/strong> La Casa Ibicenca di Enrico Lugheri<br \/><strong>Indirizzo:<\/strong> Carrer d&#8217;Extremadura 14, Ibiza, Islas Baleares<br \/><strong>Telefono:<\/strong> 697 543 640<br \/><strong>Email:<\/strong> info@lacasaibicenca.es<br \/><strong>N.I.F.:<\/strong> X9520160T<\/p>\r\n<!-- \/wp:paragraph -->\r\n<p><!-- wp:paragraph -->Per qualsiasi ulteriore informazione, \u00e8 possibile contattare il titolare tramite telefono o email.<\/p>\r\n<!-- \/wp:paragraph -->\r\n<p>&nbsp;<\/p>\r\n<!-- wp:heading -->\r\n<h2 class=\"wp-block-heading\"><strong>1. Responsabilit\u00e0 dell\u2019Utente<\/strong><\/h2>\r\n<!-- \/wp:heading -->\r\n<p><!-- wp:paragraph -->L\u2019accesso e la navigazione sul presente sito web implicano l\u2019accettazione integrale delle condizioni contenute in questo Avviso Legale.<br \/>\u00c8 responsabilit\u00e0 dell\u2019utente leggere attentamente le Condizioni Generali d\u2019Uso prima di utilizzare il sito.<\/p>\r\n<!-- \/wp:paragraph -->\r\n<p><!-- wp:paragraph -->L\u2019utente si impegna a utilizzare il portale in modo corretto, lecito e conforme ai principi di buona fede.<\/p>\r\n<!-- \/wp:paragraph -->\r\n<p>&nbsp;<\/p>\r\n<!-- wp:heading -->\r\n<h2 class=\"wp-block-heading\"><strong>2. Condizioni Generali d\u2019Uso<\/strong><\/h2>\r\n<!-- \/wp:heading -->\r\n<p><!-- wp:paragraph -->Il sito offre accesso a informazioni, servizi, dati, programmi e contenuti di propriet\u00e0 di <strong>LUGHERI, ENRICO<\/strong> (di seguito \u201cL\u2019Azienda\u201d) o dei suoi licenzianti.<\/p>\r\n<!-- \/wp:paragraph -->\r\n<p><!-- wp:paragraph -->L\u2019utente \u00e8 responsabile dell\u2019uso del sito, inclusa la necessit\u00e0 di registrarsi per accedere ad alcuni servizi o contenuti. In fase di registrazione, l\u2019utente si impegna a fornire <strong>informazioni veritiere e lecite<\/strong>.<\/p>\r\n<!-- \/wp:paragraph -->\r\n<p><!-- wp:paragraph -->Se viene assegnata una password, l\u2019utente sar\u00e0 responsabile della sua <strong>custodia<\/strong> e dovr\u00e0 utilizzarla in modo <strong>diligente e riservato<\/strong>.<\/p>\r\n<!-- \/wp:paragraph -->\r\n<p>&nbsp;<\/p>\r\n<!-- wp:heading {\"level\":3} -->\r\n<h3 class=\"wp-block-heading\"><strong>Usi consentiti e usi vietati<\/strong><\/h3>\r\n<!-- \/wp:heading -->\r\n<p><!-- wp:paragraph -->L\u2019utente si impegna a non utilizzare il sito per:<\/p>\r\n<!-- \/wp:paragraph -->\r\n<p>&nbsp;<\/p>\r\n<!-- wp:list -->\r\n<ul class=\"wp-block-list\">\r\n<li style=\"list-style-type: none;\">\r\n<ul class=\"wp-block-list\"><!-- wp:list-item -->\r\n<li>Attivit\u00e0 illecite, illegali o contrarie all\u2019ordine pubblico.<\/li>\r\n<!-- \/wp:list-item -->\r\n\r\n<!-- wp:list-item -->\r\n<li>Diffusione di contenuti razzisti, xenofobi, pornografici-illegali, di apologia al terrorismo o contrari ai diritti umani.<\/li>\r\n<!-- \/wp:list-item -->\r\n\r\n<!-- wp:list-item -->\r\n<li>Causare danni ai sistemi informatici dell\u2019Azienda, dei suoi fornitori o di terzi.<\/li>\r\n<!-- \/wp:list-item -->\r\n\r\n<!-- wp:list-item -->\r\n<li>Immettere o diffondere virus o software dannosi.<\/li>\r\n<!-- \/wp:list-item -->\r\n\r\n<!-- wp:list-item -->\r\n<li>Accedere o manipolare la posta elettronica di altri utenti.<\/li>\r\n<\/ul>\r\n<\/li>\r\n<\/ul>\r\n<!-- \/wp:list-item -->\r\n<p>&nbsp;<\/p>\r\n<!-- \/wp:list -->\r\n<p><!-- wp:paragraph -->L\u2019Azienda si riserva il diritto di rimuovere commenti o contributi che violino la dignit\u00e0 della persona o siano inappropriati. L\u2019Azienda non \u00e8 responsabile delle opinioni espresse dagli utenti in forum, chat o altri strumenti partecipativi.<\/p>\r\n<!-- \/wp:paragraph -->\r\n<p>&nbsp;<\/p>\r\n<!-- wp:heading -->\r\n<h2 class=\"wp-block-heading\"><strong>3. Diritto di Esclusione<\/strong><\/h2>\r\n<!-- \/wp:heading -->\r\n<p><!-- wp:paragraph -->L\u2019Azienda pu\u00f2 negare o revocare l\u2019accesso al sito e\/o ai servizi, senza preavviso, agli utenti che non rispettino le presenti Condizioni Generali d\u2019Uso.<\/p>\r\n<!-- \/wp:paragraph -->\r\n<p>&nbsp;<\/p>\r\n<!-- wp:heading -->\r\n<h2 class=\"wp-block-heading\"><strong>4. Esclusione di Garanzie e Responsabilit\u00e0<\/strong><\/h2>\r\n<!-- \/wp:heading -->\r\n<p><!-- wp:paragraph -->L\u2019Azienda non garantisce la disponibilit\u00e0 continua del sito e non \u00e8 responsabile di eventuali danni causati da:<\/p>\r\n<!-- \/wp:paragraph -->\r\n<p>&nbsp;<\/p>\r\n<!-- wp:list -->\r\n<ul class=\"wp-block-list\">\r\n<li style=\"list-style-type: none;\">\r\n<ul class=\"wp-block-list\"><!-- wp:list-item -->\r\n<li>Errori o omissioni nei contenuti.<\/li>\r\n<!-- \/wp:list-item -->\r\n\r\n<!-- wp:list-item -->\r\n<li>Mancata disponibilit\u00e0 del sito.<\/li>\r\n<!-- \/wp:list-item -->\r\n\r\n<!-- wp:list-item -->\r\n<li>Trasmissione di virus o software dannosi, nonostante le misure adottate.<\/li>\r\n<\/ul>\r\n<\/li>\r\n<\/ul>\r\n<!-- \/wp:list-item -->\r\n<p>&nbsp;<\/p>\r\n<!-- \/wp:list -->\r\n<p><!-- wp:paragraph -->Non \u00e8 inoltre responsabile della <strong>liceit\u00e0, qualit\u00e0, affidabilit\u00e0 o disponibilit\u00e0<\/strong> dei servizi forniti da terzi tramite il sito.<\/p>\r\n<!-- \/wp:paragraph -->\r\n<p>&nbsp;<\/p>\r\n<!-- wp:heading -->\r\n<h2 class=\"wp-block-heading\"><strong>5. Collegamenti Esterni (Link)<\/strong><\/h2>\r\n<!-- \/wp:heading -->\r\n<p><!-- wp:paragraph -->Questo sito pu\u00f2 contenere collegamenti a pagine esterne.<br \/>L\u2019Azienda <strong>non ha alcun controllo<\/strong> su tali siti e non \u00e8 responsabile per i loro contenuti.<\/p>\r\n<!-- \/wp:paragraph -->\r\n<p><!-- wp:paragraph -->L\u2019inclusione di link non implica alcun tipo di relazione, associazione o collaborazione con i relativi proprietari.<\/p>\r\n<!-- \/wp:paragraph -->\r\n<p>&nbsp;<\/p>\r\n<!-- wp:heading -->\r\n<h2 class=\"wp-block-heading\"><strong>6. Propriet\u00e0 Intellettuale e Industriale<\/strong><\/h2>\r\n<!-- \/wp:heading -->\r\n<p><!-- wp:paragraph -->L\u2019Azienda \u00e8 titolare, o dispone dei diritti di utilizzo, dei contenuti presenti nel sito: immagini, testi, video, audio, software, loghi, combinazioni di colori, design, struttura e altri elementi.<\/p>\r\n<!-- \/wp:paragraph -->\r\n<p><!-- wp:paragraph -->\u00c8 <strong>vietata<\/strong> la riproduzione, distribuzione, comunicazione pubblica, trasformazione o sfruttamento commerciale \u2014totale o parziale\u2014 dei contenuti senza autorizzazione scritta dell\u2019Azienda.<\/p>\r\n<!-- \/wp:paragraph -->\r\n<p><!-- wp:paragraph -->L\u2019utente pu\u00f2 visualizzare, scaricare e stampare contenuti esclusivamente per <strong>uso personale e privato<\/strong>, e deve evitare di:<\/p>\r\n<!-- \/wp:paragraph -->\r\n<p>&nbsp;<\/p>\r\n<!-- wp:list -->\r\n<ul class=\"wp-block-list\">\r\n<li style=\"list-style-type: none;\">\r\n<ul class=\"wp-block-list\"><!-- wp:list-item -->\r\n<li>Eliminare o manipolare sistemi di protezione o sicurezza.<\/li>\r\n<!-- \/wp:list-item -->\r\n\r\n<!-- wp:list-item -->\r\n<li>Utilizzare loghi, marchi o nomi commerciali senza autorizzazione espressa.<\/li>\r\n<\/ul>\r\n<\/li>\r\n<\/ul>\r\n<!-- \/wp:list-item -->\r\n<p>&nbsp;<\/p>\r\n<!-- \/wp:list -->\r\n<p>&nbsp;<\/p>\r\n<!-- wp:heading -->\r\n<h2 class=\"wp-block-heading\"><strong>7. Protezione dei Dati Personali<\/strong><\/h2>\r\n<!-- \/wp:heading -->\r\n<p><!-- wp:paragraph -->Il trattamento dei dati personali segue quanto previsto nella <strong>Informativa sulla Privacy<\/strong>, disponibile sul sito.<\/p>\r\n<!-- \/wp:paragraph -->\r\n<p><!-- wp:paragraph -->\u00a0<\/p>\r\n<!-- \/wp:paragraph -->\r\n<p>&nbsp;<\/p>\r\n<p>[\/vc_column_text][\/vc_column][\/vc_row]<\/p><\/div>","protected":false},"excerpt":{"rendered":"<p>[vc_row][vc_column][vc_column_text css=&#8221;&#8221;] TERMINI E CONDIZIONI D\u2019USO DEL SITO WEB &nbsp; AVVISO LEGALE In conformit\u00e0 all\u2019Articolo 10 della Legge 34\/2002, dell\u201911 luglio, sui Servizi della Societ\u00e0 dell\u2019Informazione e del Commercio Elettronico (LSSI-CE), si forniscono i seguenti dati identificativi del titolare di questo sito web: Titolare \/ Ragione sociale: La Casa Ibicenca di Enrico LugheriIndirizzo: Carrer d&#8217;Extremadura &#8230;<\/p>\n","protected":false},"author":1,"featured_media":0,"parent":0,"menu_order":0,"comment_status":"closed","ping_status":"closed","template":"","meta":{"inline_featured_image":false,"footnotes":""},"class_list":["post-29147","page","type-page","status-publish","hentry"],"yoast_head":"<!-- This site is optimized with the Yoast SEO plugin v27.3 - https:\/\/yoast.com\/product\/yoast-seo-wordpress\/ -->\n<title>Nota Legale - La Casa Ibicenca<\/title>\n<meta name=\"robots\" content=\"index, follow, max-snippet:-1, max-image-preview:large, max-video-preview:-1\" \/>\n<link rel=\"canonical\" href=\"https:\/\/lacasaibicenca.es\/it\/nota-legale\/\" \/>\n<meta property=\"og:locale\" content=\"it_IT\" \/>\n<meta property=\"og:type\" content=\"article\" \/>\n<meta property=\"og:title\" content=\"Nota Legale - La Casa Ibicenca\" \/>\n<meta property=\"og:description\" content=\"[vc_row][vc_column][vc_column_text css=&#8221;&#8221;] TERMINI E CONDIZIONI D\u2019USO DEL SITO WEB &nbsp; AVVISO LEGALE In conformit\u00e0 all\u2019Articolo 10 della Legge 34\/2002, dell\u201911 luglio, sui Servizi della Societ\u00e0 dell\u2019Informazione e del Commercio Elettronico (LSSI-CE), si forniscono i seguenti dati identificativi del titolare di questo sito web: Titolare \/ Ragione sociale: La Casa Ibicenca di Enrico LugheriIndirizzo: Carrer d&#8217;Extremadura ...\" \/>\n<meta property=\"og:url\" content=\"https:\/\/lacasaibicenca.es\/it\/nota-legale\/\" \/>\n<meta property=\"og:site_name\" content=\"La Casa Ibicenca\" \/>\n<meta property=\"article:modified_time\" content=\"2025-12-07T14:57:46+00:00\" \/>\n<meta property=\"og:image\" content=\"https:\/\/lacasaibicenca.es\/wp-content\/uploads\/2026\/01\/la-casa-ibicenca-logo.png?wsr\" \/>\n\t<meta property=\"og:image:width\" content=\"954\" \/>\n\t<meta property=\"og:image:height\" content=\"526\" \/>\n\t<meta property=\"og:image:type\" content=\"image\/png\" \/>\n<meta name=\"twitter:card\" content=\"summary_large_image\" \/>\n<meta name=\"twitter:label1\" content=\"Tempo di lettura stimato\" \/>\n\t<meta name=\"twitter:data1\" content=\"3 minuti\" \/>\n<!-- \/ Yoast SEO plugin. -->","yoast_head_json":{"title":"Nota Legale - La Casa Ibicenca","robots":{"index":"index","follow":"follow","max-snippet":"max-snippet:-1","max-image-preview":"max-image-preview:large","max-video-preview":"max-video-preview:-1"},"canonical":"https:\/\/lacasaibicenca.es\/it\/nota-legale\/","og_locale":"it_IT","og_type":"article","og_title":"Nota Legale - La Casa Ibicenca","og_description":"[vc_row][vc_column][vc_column_text css=&#8221;&#8221;] TERMINI E CONDIZIONI D\u2019USO DEL SITO WEB &nbsp; AVVISO LEGALE In conformit\u00e0 all\u2019Articolo 10 della Legge 34\/2002, dell\u201911 luglio, sui Servizi della Societ\u00e0 dell\u2019Informazione e del Commercio Elettronico (LSSI-CE), si forniscono i seguenti dati identificativi del titolare di questo sito web: Titolare \/ Ragione sociale: La Casa Ibicenca di Enrico LugheriIndirizzo: Carrer d&#8217;Extremadura ...","og_url":"https:\/\/lacasaibicenca.es\/it\/nota-legale\/","og_site_name":"La Casa Ibicenca","article_modified_time":"2025-12-07T14:57:46+00:00","og_image":[{"width":954,"height":526,"url":"https:\/\/lacasaibicenca.es\/wp-content\/uploads\/2026\/01\/la-casa-ibicenca-logo.png?wsr","type":"image\/png"}],"twitter_card":"summary_large_image","twitter_misc":{"Tempo di lettura stimato":"3 minuti"},"schema":{"@context":"https:\/\/schema.org","@graph":[{"@type":"WebPage","@id":"https:\/\/lacasaibicenca.es\/it\/nota-legale\/","url":"https:\/\/lacasaibicenca.es\/it\/nota-legale\/","name":"Nota Legale - La Casa Ibicenca","isPartOf":{"@id":"https:\/\/lacasaibicenca.es\/it\/#website"},"datePublished":"2025-11-10T08:08:40+00:00","dateModified":"2025-12-07T14:57:46+00:00","breadcrumb":{"@id":"https:\/\/lacasaibicenca.es\/it\/nota-legale\/#breadcrumb"},"inLanguage":"it-IT","potentialAction":[{"@type":"ReadAction","target":["https:\/\/lacasaibicenca.es\/it\/nota-legale\/"]}]},{"@type":"BreadcrumbList","@id":"https:\/\/lacasaibicenca.es\/it\/nota-legale\/#breadcrumb","itemListElement":[{"@type":"ListItem","position":1,"name":"Home","item":"https:\/\/lacasaibicenca.es\/it\/"},{"@type":"ListItem","position":2,"name":"Nota Legale"}]},{"@type":"WebSite","@id":"https:\/\/lacasaibicenca.es\/it\/#website","url":"https:\/\/lacasaibicenca.es\/it\/","name":"La Casa Ibicenca","description":"Affitto e Gestione di ville a Ibiza","publisher":{"@id":"https:\/\/lacasaibicenca.es\/it\/#organization"},"alternateName":"Alquiler Tur\u00edstico, Mantenimiento y Reformas de Villas en Ibiza","potentialAction":[{"@type":"SearchAction","target":{"@type":"EntryPoint","urlTemplate":"https:\/\/lacasaibicenca.es\/it\/?s={search_term_string}"},"query-input":{"@type":"PropertyValueSpecification","valueRequired":true,"valueName":"search_term_string"}}],"inLanguage":"it-IT"},{"@type":"Organization","@id":"https:\/\/lacasaibicenca.es\/it\/#organization","name":"La Casa Ibicenca","alternateName":"Alquiler Tur\u00edstico, Mantenimiento y Reformas de Villas en Ibiza","url":"https:\/\/lacasaibicenca.es\/it\/","logo":{"@type":"ImageObject","inLanguage":"it-IT","@id":"https:\/\/lacasaibicenca.es\/it\/#\/schema\/logo\/image\/","url":"https:\/\/lacasaibicenca.es\/wp-content\/uploads\/2026\/01\/logo-la-casa-ibicenca.png","contentUrl":"https:\/\/lacasaibicenca.es\/wp-content\/uploads\/2026\/01\/logo-la-casa-ibicenca.png","width":1024,"height":1024,"caption":"La Casa Ibicenca"},"image":{"@id":"https:\/\/lacasaibicenca.es\/it\/#\/schema\/logo\/image\/"}}]}},"_links":{"self":[{"href":"https:\/\/lacasaibicenca.es\/it\/wp-json\/wp\/v2\/pages\/29147","targetHints":{"allow":["GET"]}}],"collection":[{"href":"https:\/\/lacasaibicenca.es\/it\/wp-json\/wp\/v2\/pages"}],"about":[{"href":"https:\/\/lacasaibicenca.es\/it\/wp-json\/wp\/v2\/types\/page"}],"author":[{"embeddable":true,"href":"https:\/\/lacasaibicenca.es\/it\/wp-json\/wp\/v2\/users\/1"}],"replies":[{"embeddable":true,"href":"https:\/\/lacasaibicenca.es\/it\/wp-json\/wp\/v2\/comments?post=29147"}],"version-history":[{"count":11,"href":"https:\/\/lacasaibicenca.es\/it\/wp-json\/wp\/v2\/pages\/29147\/revisions"}],"predecessor-version":[{"id":32132,"href":"https:\/\/lacasaibicenca.es\/it\/wp-json\/wp\/v2\/pages\/29147\/revisions\/32132"}],"wp:attachment":[{"href":"https:\/\/lacasaibicenca.es\/it\/wp-json\/wp\/v2\/media?parent=29147"}],"curies":[{"name":"wp","href":"https:\/\/api.w.org\/{rel}","templated":true}]}}