{"id":29694,"date":"2025-11-14T09:39:23","date_gmt":"2025-11-14T09:39:23","guid":{"rendered":"https:\/\/lacasaibicenca.es\/?page_id=29694"},"modified":"2026-03-21T12:52:49","modified_gmt":"2026-03-21T12:52:49","slug":"contatti","status":"publish","type":"page","link":"https:\/\/lacasaibicenca.es\/it\/contatti\/","title":{"rendered":"CONTATTI"},"content":{"rendered":"\t\t<div data-elementor-type=\"wp-page\" data-elementor-id=\"29694\" class=\"elementor elementor-29694\" data-elementor-post-type=\"page\">\n\t\t\t\t\t\t<section class=\"elementor-section elementor-top-section elementor-element elementor-element-57cd1efc elementor-section-stretched elementor-section-content-middle elementor-section-boxed elementor-section-height-default elementor-section-height-default\" data-id=\"57cd1efc\" data-element_type=\"section\" data-e-type=\"section\" data-settings=\"{&quot;stretch_section&quot;:&quot;section-stretched&quot;,&quot;background_background&quot;:&quot;classic&quot;}\">\n\t\t\t\t\t\t\t<div class=\"elementor-background-overlay\"><\/div>\n\t\t\t\t\t\t\t<div class=\"elementor-container elementor-column-gap-no\">\n\t\t\t\t\t<div class=\"elementor-column elementor-col-100 elementor-top-column elementor-element elementor-element-56a6dccd\" data-id=\"56a6dccd\" data-element_type=\"column\" data-e-type=\"column\">\n\t\t\t<div class=\"elementor-widget-wrap elementor-element-populated\">\n\t\t\t\t\t\t<div class=\"elementor-element elementor-element-8e0dfef animated-fast elementor-invisible elementor-widget elementor-widget-heading\" data-id=\"8e0dfef\" data-element_type=\"widget\" data-e-type=\"widget\" data-settings=\"{&quot;_animation&quot;:&quot;fadeIn&quot;,&quot;_animation_delay&quot;:50}\" data-widget_type=\"heading.default\">\n\t\t\t\t\t<p class=\"elementor-heading-title elementor-size-default\">RICHIESTA DI CONTATTO<\/p>\t\t\t\t<\/div>\n\t\t\t\t<div class=\"elementor-element elementor-element-20ecfa2f animated-fast elementor-invisible elementor-widget elementor-widget-heading\" data-id=\"20ecfa2f\" data-element_type=\"widget\" data-e-type=\"widget\" data-settings=\"{&quot;_animation&quot;:&quot;fadeIn&quot;,&quot;_animation_delay&quot;:50}\" data-widget_type=\"heading.default\">\n\t\t\t\t\t<h1 class=\"elementor-heading-title elementor-size-default\">CONTATTI LA CASA IBICENCA<\/h1>\t\t\t\t<\/div>\n\t\t\t\t<div class=\"elementor-element elementor-element-6e9167c4 animated-fast elementor-invisible elementor-widget elementor-widget-heading\" data-id=\"6e9167c4\" data-element_type=\"widget\" data-e-type=\"widget\" data-settings=\"{&quot;_animation&quot;:&quot;fadeIn&quot;,&quot;_animation_delay&quot;:50}\" data-widget_type=\"heading.default\">\n\t\t\t\t\t<h2 class=\"elementor-heading-title elementor-size-default\">Ville, Gestione e Servizi Esclusivi a Ibiza<\/h2>\t\t\t\t<\/div>\n\t\t\t\t<div class=\"elementor-element elementor-element-4dd38fd2 elementor-widget elementor-widget-spacer\" data-id=\"4dd38fd2\" data-element_type=\"widget\" data-e-type=\"widget\" data-widget_type=\"spacer.default\">\n\t\t\t\t\t\t\t<div class=\"elementor-spacer\">\n\t\t\t<div class=\"elementor-spacer-inner\"><\/div>\n\t\t<\/div>\n\t\t\t\t\t\t<\/div>\n\t\t\t\t\t<\/div>\n\t\t<\/div>\n\t\t\t\t\t<\/div>\n\t\t<\/section>\n\t\t\t\t<section class=\"elementor-section elementor-top-section elementor-element elementor-element-5ea7c8e9 elementor-section-boxed elementor-section-height-default elementor-section-height-default\" data-id=\"5ea7c8e9\" data-element_type=\"section\" data-e-type=\"section\">\n\t\t\t\t\t\t<div class=\"elementor-container elementor-column-gap-no\">\n\t\t\t\t\t<div class=\"elementor-column elementor-col-100 elementor-top-column elementor-element elementor-element-307f9235\" data-id=\"307f9235\" data-element_type=\"column\" data-e-type=\"column\">\n\t\t\t<div class=\"elementor-widget-wrap elementor-element-populated\">\n\t\t\t\t\t\t<section class=\"elementor-section elementor-inner-section elementor-element elementor-element-504fd8ab elementor-section-boxed elementor-section-height-default elementor-section-height-default\" data-id=\"504fd8ab\" data-element_type=\"section\" data-e-type=\"section\" data-settings=\"{&quot;background_background&quot;:&quot;classic&quot;}\">\n\t\t\t\t\t\t<div class=\"elementor-container elementor-column-gap-default\">\n\t\t\t\t\t<div class=\"elementor-column elementor-col-50 elementor-inner-column elementor-element elementor-element-5aeadd3c\" data-id=\"5aeadd3c\" data-element_type=\"column\" data-e-type=\"column\" data-settings=\"{&quot;background_background&quot;:&quot;classic&quot;}\">\n\t\t\t<div class=\"elementor-widget-wrap\">\n\t\t\t\t\t\t\t<\/div>\n\t\t<\/div>\n\t\t\t\t<div class=\"elementor-column elementor-col-50 elementor-inner-column elementor-element elementor-element-686ec381\" data-id=\"686ec381\" data-element_type=\"column\" data-e-type=\"column\">\n\t\t\t<div class=\"elementor-widget-wrap elementor-element-populated\">\n\t\t\t\t\t\t<div class=\"elementor-element elementor-element-489343d animated-fast elementor-invisible elementor-widget elementor-widget-heading\" data-id=\"489343d\" data-element_type=\"widget\" data-e-type=\"widget\" data-settings=\"{&quot;_animation&quot;:&quot;fadeIn&quot;}\" data-widget_type=\"heading.default\">\n\t\t\t\t\t<h3 class=\"elementor-heading-title elementor-size-default\">DOVE SIAMO<\/h3>\t\t\t\t<\/div>\n\t\t\t\t<div class=\"elementor-element elementor-element-3b818bad animated-fast elementor-invisible elementor-widget elementor-widget-heading\" data-id=\"3b818bad\" data-element_type=\"widget\" data-e-type=\"widget\" data-settings=\"{&quot;_animation&quot;:&quot;fadeIn&quot;}\" data-widget_type=\"heading.default\">\n\t\t\t\t\t<h2 class=\"elementor-heading-title elementor-size-default\">LA CASA IBICENCA<\/h2>\t\t\t\t<\/div>\n\t\t\t\t<div class=\"elementor-element elementor-element-1670c645 animated-fast elementor-invisible elementor-widget elementor-widget-heading\" data-id=\"1670c645\" data-element_type=\"widget\" data-e-type=\"widget\" data-settings=\"{&quot;_animation_delay&quot;:100,&quot;_animation&quot;:&quot;fadeIn&quot;}\" data-widget_type=\"heading.default\">\n\t\t\t\t\t<p class=\"elementor-heading-title elementor-size-default\"><p><strong>Indirizzo:<\/strong><br>\nIbiza (Isole Baleari, Spagna)<\/p>\n\n<p><strong>Telefono \/ WhatsApp:<\/strong><br>\n+34 666 50 34 91 (Affitti e servizi)<br>\n+34 697 54 36 40 (Manutenzione e ristrutturazione)<\/p>\n\n<p><strong>Email:<\/strong><br>\n<a href=\"mailto:info@lacasaibicenca.es\">info@lacasaibicenca.es<\/a><br>\n<a href=\"mailto:booking@lacasaibicenca.es\">booking@lacasaibicenca.es<\/a><\/p>\n\n\n\n<p>Preferite scriverci online? Compilate il <strong>modulo di contatto<\/strong> qui sotto: vi risponderemo entro 24 ore.<\/p>\n<\/p>\t\t\t\t<\/div>\n\t\t\t\t\t<\/div>\n\t\t<\/div>\n\t\t\t\t\t<\/div>\n\t\t<\/section>\n\t\t\t\t\t<\/div>\n\t\t<\/div>\n\t\t\t\t\t<\/div>\n\t\t<\/section>\n\t\t\t\t<section class=\"elementor-section elementor-top-section elementor-element elementor-element-6813487b elementor-section-boxed elementor-section-height-default elementor-section-height-default\" data-id=\"6813487b\" data-element_type=\"section\" data-e-type=\"section\" id=\"contact\" data-settings=\"{&quot;background_background&quot;:&quot;classic&quot;}\">\n\t\t\t\t\t\t<div class=\"elementor-container elementor-column-gap-no\">\n\t\t\t\t\t<div class=\"elementor-column elementor-col-100 elementor-top-column elementor-element elementor-element-9c8cbcd\" data-id=\"9c8cbcd\" data-element_type=\"column\" data-e-type=\"column\">\n\t\t\t<div class=\"elementor-widget-wrap elementor-element-populated\">\n\t\t\t\t\t\t<section class=\"elementor-section elementor-inner-section elementor-element elementor-element-4c10e749 elementor-section-boxed elementor-section-height-default elementor-section-height-default\" data-id=\"4c10e749\" data-element_type=\"section\" data-e-type=\"section\">\n\t\t\t\t\t\t<div class=\"elementor-container elementor-column-gap-default\">\n\t\t\t\t\t<div class=\"elementor-column elementor-col-100 elementor-inner-column elementor-element elementor-element-25012c8\" data-id=\"25012c8\" data-element_type=\"column\" data-e-type=\"column\">\n\t\t\t<div class=\"elementor-widget-wrap elementor-element-populated\">\n\t\t\t\t\t\t<div class=\"elementor-element elementor-element-7a60c94d elementor-invisible elementor-widget elementor-widget-heading\" data-id=\"7a60c94d\" data-element_type=\"widget\" data-e-type=\"widget\" data-settings=\"{&quot;_animation&quot;:&quot;fadeIn&quot;,&quot;_animation_delay&quot;:200}\" data-widget_type=\"heading.default\">\n\t\t\t\t\t<h2 class=\"elementor-heading-title elementor-size-default\">Esperienze esclusive e supporto a Ibiza<\/h2>\t\t\t\t<\/div>\n\t\t\t\t<div class=\"elementor-element elementor-element-99604f9 elementor-invisible elementor-widget elementor-widget-heading\" data-id=\"99604f9\" data-element_type=\"widget\" data-e-type=\"widget\" data-settings=\"{&quot;_animation&quot;:&quot;fadeIn&quot;,&quot;_animation_delay&quot;:200}\" data-widget_type=\"heading.default\">\n\t\t\t\t\t<h3 class=\"elementor-heading-title elementor-size-default\">Affitti esclusivi e assistenza personalizzata a Ibiza<\/h3>\t\t\t\t<\/div>\n\t\t\t\t<div class=\"elementor-element elementor-element-4271389e elementor-invisible elementor-widget elementor-widget-heading\" data-id=\"4271389e\" data-element_type=\"widget\" data-e-type=\"widget\" data-settings=\"{&quot;_animation&quot;:&quot;fadeIn&quot;,&quot;_animation_delay&quot;:200}\" data-widget_type=\"heading.default\">\n\t\t\t\t\t<p class=\"elementor-heading-title elementor-size-default\">Benvenuti nella sezione contatti di La Casa Ibicenca, il vostro punto di riferimento per vivere e valorizzare l\u2019isola in totale tranquillit\u00e0.\nIl nostro team locale \u00e8 pronto ad assistervi in ogni richiesta, dalle prenotazioni alle attivit\u00e0 personalizzate, fino alla cura delle vostre propriet\u00e0.\nScriveteci o chiamateci: ci prenderemo cura di ogni dettaglio, per rendere il vostro soggiorno o investimento a Ibiza semplice, piacevole e indimenticabile.<\/p>\t\t\t\t<\/div>\n\t\t\t\t\t<\/div>\n\t\t<\/div>\n\t\t\t\t\t<\/div>\n\t\t<\/section>\n\t\t<div class=\"elementor-element elementor-element-e6eeea0 e-con-full e-flex e-con e-parent\" data-id=\"e6eeea0\" data-element_type=\"container\" data-e-type=\"container\">\n\t\t<div class=\"elementor-element elementor-element-848b557 e-con-full e-flex elementor-invisible e-con e-child\" data-id=\"848b557\" data-element_type=\"container\" data-e-type=\"container\" data-settings=\"{&quot;background_background&quot;:&quot;classic&quot;,&quot;animation&quot;:&quot;fadeIn&quot;,&quot;animation_delay&quot;:200}\">\n\t\t\t\t<div class=\"elementor-element elementor-element-d546aab elementor-widget elementor-widget-heading\" data-id=\"d546aab\" data-element_type=\"widget\" data-e-type=\"widget\" data-widget_type=\"heading.default\">\n\t\t\t\t\t<h3 class=\"elementor-heading-title elementor-size-default\">Invia adesso la tua richiesta di contatto<\/h3>\t\t\t\t<\/div>\n\t\t\t\t<div class=\"elementor-element elementor-element-15cb4ff elementor-button-align-stretch elementor-widget elementor-widget-form\" data-id=\"15cb4ff\" data-element_type=\"widget\" data-e-type=\"widget\" data-settings=\"{&quot;step_next_label&quot;:&quot;Successivo&quot;,&quot;step_previous_label&quot;:&quot;Precedente&quot;,&quot;button_width&quot;:&quot;100&quot;,&quot;step_type&quot;:&quot;number_text&quot;,&quot;step_icon_shape&quot;:&quot;circle&quot;}\" data-widget_type=\"form.default\">\n\t\t\t\t\t\t\t<form class=\"elementor-form\" method=\"post\" name=\"Nuovo modulo\" aria-label=\"Nuovo modulo\">\n\t\t\t<input type=\"hidden\" name=\"post_id\" value=\"29694\"\/>\n\t\t\t<input type=\"hidden\" name=\"form_id\" value=\"15cb4ff\"\/>\n\t\t\t<input type=\"hidden\" name=\"referer_title\" value=\"Contatta La Casa Ibicenca per Affitti di Ville e Manutenzione a Ibiza\" \/>\n\n\t\t\t\t\t\t\t<input type=\"hidden\" name=\"queried_id\" value=\"29694\"\/>\n\t\t\t\n\t\t\t<div class=\"elementor-form-fields-wrapper elementor-labels-above\">\n\t\t\t\t\t\t\t\t<div class=\"elementor-field-type-text elementor-field-group elementor-column elementor-field-group-name elementor-col-100\">\n\t\t\t\t\t\t\t\t\t\t\t\t\t<input size=\"1\" type=\"text\" name=\"form_fields[name]\" id=\"form-field-name\" class=\"elementor-field elementor-size-sm  elementor-field-textual\" placeholder=\"Nome\">\n\t\t\t\t\t\t\t\t\t\t\t<\/div>\n\t\t\t\t\t\t\t\t<div class=\"elementor-field-type-email elementor-field-group elementor-column elementor-field-group-email elementor-col-100 elementor-field-required\">\n\t\t\t\t\t\t\t\t\t\t\t\t\t<input size=\"1\" type=\"email\" name=\"form_fields[email]\" id=\"form-field-email\" class=\"elementor-field elementor-size-sm  elementor-field-textual\" placeholder=\"Email\" required=\"required\">\n\t\t\t\t\t\t\t\t\t\t\t<\/div>\n\t\t\t\t\t\t\t\t<div class=\"elementor-field-type-tel elementor-field-group elementor-column elementor-field-group-field_f0f49cf elementor-col-100\">\n\t\t\t\t\t\t\t<input size=\"1\" type=\"tel\" name=\"form_fields[field_f0f49cf]\" id=\"form-field-field_f0f49cf\" class=\"elementor-field elementor-size-sm  elementor-field-textual\" placeholder=\"Telefono\" pattern=\"[0-9()#&amp;+*-=.]+\" title=\"Sono accettati solo numeri e caratteri telefonici (#, -, *, ecc.).\">\n\n\t\t\t\t\t\t<\/div>\n\t\t\t\t\t\t\t\t<div class=\"elementor-field-type-textarea elementor-field-group elementor-column elementor-field-group-message elementor-col-100\">\n\t\t\t\t\t<textarea class=\"elementor-field-textual elementor-field  elementor-size-sm\" name=\"form_fields[message]\" id=\"form-field-message\" rows=\"4\" placeholder=\"Messaggio\"><\/textarea>\t\t\t\t<\/div>\n\t\t\t\t\t\t\t\t<div class=\"elementor-field-group elementor-column elementor-field-type-submit elementor-col-100 e-form__buttons\">\n\t\t\t\t\t<button class=\"elementor-button elementor-size-sm\" type=\"submit\">\n\t\t\t\t\t\t<span class=\"elementor-button-content-wrapper\">\n\t\t\t\t\t\t\t\t\t\t\t\t\t\t\t\t\t\t\t\t\t\t<span class=\"elementor-button-text\">INVIA MESSAGGIO<\/span>\n\t\t\t\t\t\t\t\t\t\t\t\t\t<\/span>\n\t\t\t\t\t<\/button>\n\t\t\t\t<\/div>\n\t\t\t<\/div>\n\t\t<\/form>\n\t\t\t\t\t\t<\/div>\n\t\t\t\t<\/div>\n\t\t<div class=\"elementor-element elementor-element-7ae7aa8 e-con-full e-flex elementor-invisible e-con e-child\" data-id=\"7ae7aa8\" data-element_type=\"container\" data-e-type=\"container\" data-settings=\"{&quot;animation&quot;:&quot;fadeIn&quot;,&quot;animation_delay&quot;:200}\">\n\t\t\t\t<div class=\"elementor-element elementor-element-c52abaa elementor-widget elementor-widget-text-editor\" data-id=\"c52abaa\" data-element_type=\"widget\" data-e-type=\"widget\" data-widget_type=\"text-editor.default\">\n\t\t\t\t\t\t\t\t\t<h3><strong>Come Possiamo Aiutarvi<\/strong><\/h3><ul><li>Affitto di ville e case di lusso a Ibiza, con assistenza locale in ogni fase del soggiorno.<\/li><li data-start=\"1708\" data-end=\"1792\"><p data-start=\"1710\" data-end=\"1792\"><strong data-start=\"1710\" data-end=\"1747\">Gestione completa delle propriet\u00e0<\/strong> per proprietari residenti e non residenti.<\/p><\/li><li data-start=\"1793\" data-end=\"1909\"><p data-start=\"1795\" data-end=\"1909\"><strong data-start=\"1795\" data-end=\"1834\">Servizi personalizzati su richiesta<\/strong>: pulizia, manutenzione, chef privato, concierge, noleggio barche o auto.<\/p><\/li><li data-start=\"1910\" data-end=\"2030\"><p data-start=\"1912\" data-end=\"2030\"><strong data-start=\"1912\" data-end=\"1957\">Consulenze e collaborazioni professionali<\/strong> per chi desidera investire o promuovere la propria propriet\u00e0 sull\u2019isola.<\/p><\/li><\/ul>\t\t\t\t\t\t\t\t<\/div>\n\t\t\t\t<div class=\"elementor-element elementor-element-f861a28 elementor-widget elementor-widget-text-editor\" data-id=\"f861a28\" data-element_type=\"widget\" data-e-type=\"widget\" data-widget_type=\"text-editor.default\">\n\t\t\t\t\t\t\t\t\t<h3><strong>Perch\u00e9 Scegliere La Casa Ibicenca<\/strong><\/h3><p>Da anni offriamo <strong data-start=\"2095\" data-end=\"2146\">servizi immobiliari e turistici di alta qualit\u00e0<\/strong> a Ibiza, unendo conoscenza del territorio, affidabilit\u00e0 e cura del dettaglio.<br data-start=\"2224\" data-end=\"2227\" \/>Che siate ospiti o proprietari, con noi troverete un partner serio e appassionato, sempre pronto ad ascoltare e a proporre soluzioni su misura.<\/p>\t\t\t\t\t\t\t\t<\/div>\n\t\t\t\t<div class=\"elementor-element elementor-element-01ceac7 elementor-widget elementor-widget-text-editor\" data-id=\"01ceac7\" data-element_type=\"widget\" data-e-type=\"widget\" data-widget_type=\"text-editor.default\">\n\t\t\t\t\t\t\t\t\t<h3><strong>Seguici sui Social<\/strong><\/h3><p data-start=\"2405\" data-end=\"2481\">Restate aggiornati su <strong data-start=\"2427\" data-end=\"2478\">nuove ville, offerte speciali ed eventi a Ibiza<\/strong>:<\/p><ul data-start=\"2482\" data-end=\"2559\"><li data-start=\"2482\" data-end=\"2521\"><p data-start=\"2484\" data-end=\"2521\"><strong data-start=\"2484\" data-end=\"2498\">Instagram: <a href=\"https:\/\/www.instagram.com\/la_casa_ibicenca\/?igsh=MWp4OWtic21xbnprdw%3D%3D#\">La Casa Ibicenca<\/a><\/strong><\/p><\/li><li data-start=\"2522\" data-end=\"2559\"><p data-start=\"2524\" data-end=\"2559\"><strong data-start=\"2524\" data-end=\"2537\">Facebook: <a href=\"https:\/\/www.facebook.com\/lacasaibicenca\" rel=\"noopener\" data-start=\"2538\" data-end=\"2559\">La Casa Ibicenca<\/a><\/strong><\/p><\/li><\/ul>\t\t\t\t\t\t\t\t<\/div>\n\t\t\t\t<\/div>\n\t\t\t\t<\/div>\n\t\t\t\t\t<\/div>\n\t\t<\/div>\n\t\t\t\t\t<\/div>\n\t\t<\/section>\n\t\t\t\t<\/div>\n\t\t","protected":false},"excerpt":{"rendered":"<p>RICHIESTA DI CONTATTO CONTATTI LA CASA IBICENCA Ville, Gestione e Servizi Esclusivi a Ibiza DOVE SIAMO LA CASA IBICENCA Indirizzo: Ibiza (Isole Baleari, Spagna) Telefono \/ WhatsApp: +34 666 50 34 91 (Affitti e servizi) +34 697 54 36 40 (Manutenzione e ristrutturazione) Email: info@lacasaibicenca.es booking@lacasaibicenca.es Preferite scriverci online? Compilate il modulo di contatto qui &#8230;<\/p>\n","protected":false},"author":1,"featured_media":0,"parent":0,"menu_order":0,"comment_status":"closed","ping_status":"closed","template":"","meta":{"inline_featured_image":false,"footnotes":""},"class_list":["post-29694","page","type-page","status-publish","hentry"],"yoast_head":"<!-- This site is optimized with the Yoast SEO plugin v27.3 - https:\/\/yoast.com\/product\/yoast-seo-wordpress\/ -->\n<title>Contatta La Casa Ibicenca per Affitti di Ville e Manutenzione a Ibiza<\/title>\n<meta name=\"description\" content=\"Contatta La Casa Ibicenca per informazioni su affitti di ville, servizi di manutenzione e assistenza alla tua propriet\u00e0 a Ibiza.\" \/>\n<meta name=\"robots\" content=\"index, follow, max-snippet:-1, max-image-preview:large, max-video-preview:-1\" \/>\n<link rel=\"canonical\" href=\"https:\/\/lacasaibicenca.es\/it\/contatti\/\" \/>\n<meta property=\"og:locale\" content=\"it_IT\" \/>\n<meta property=\"og:type\" content=\"article\" \/>\n<meta property=\"og:title\" content=\"Contatta La Casa Ibicenca per Affitti di Ville e Manutenzione a Ibiza\" \/>\n<meta property=\"og:description\" content=\"Contatta La Casa Ibicenca per informazioni su affitti di ville, servizi di manutenzione e assistenza alla tua propriet\u00e0 a Ibiza.\" \/>\n<meta property=\"og:url\" content=\"https:\/\/lacasaibicenca.es\/it\/contatti\/\" \/>\n<meta property=\"og:site_name\" content=\"La Casa Ibicenca\" \/>\n<meta property=\"article:modified_time\" content=\"2026-03-21T12:52:49+00:00\" \/>\n<meta property=\"og:image\" content=\"https:\/\/lacasaibicenca.es\/wp-content\/uploads\/2026\/01\/la-casa-ibicenca-logo.png?wsr\" \/>\n\t<meta property=\"og:image:width\" content=\"954\" \/>\n\t<meta property=\"og:image:height\" content=\"526\" \/>\n\t<meta property=\"og:image:type\" content=\"image\/png\" \/>\n<meta name=\"twitter:card\" content=\"summary_large_image\" \/>\n<meta name=\"twitter:label1\" content=\"Tempo di lettura stimato\" \/>\n\t<meta name=\"twitter:data1\" content=\"2 minuti\" \/>\n<!-- \/ Yoast SEO plugin. -->","yoast_head_json":{"title":"Contatta La Casa Ibicenca per Affitti di Ville e Manutenzione a Ibiza","description":"Contatta La Casa Ibicenca per informazioni su affitti di ville, servizi di manutenzione e assistenza alla tua propriet\u00e0 a Ibiza.","robots":{"index":"index","follow":"follow","max-snippet":"max-snippet:-1","max-image-preview":"max-image-preview:large","max-video-preview":"max-video-preview:-1"},"canonical":"https:\/\/lacasaibicenca.es\/it\/contatti\/","og_locale":"it_IT","og_type":"article","og_title":"Contatta La Casa Ibicenca per Affitti di Ville e Manutenzione a Ibiza","og_description":"Contatta La Casa Ibicenca per informazioni su affitti di ville, servizi di manutenzione e assistenza alla tua propriet\u00e0 a Ibiza.","og_url":"https:\/\/lacasaibicenca.es\/it\/contatti\/","og_site_name":"La Casa Ibicenca","article_modified_time":"2026-03-21T12:52:49+00:00","og_image":[{"width":954,"height":526,"url":"https:\/\/lacasaibicenca.es\/wp-content\/uploads\/2026\/01\/la-casa-ibicenca-logo.png?wsr","type":"image\/png"}],"twitter_card":"summary_large_image","twitter_misc":{"Tempo di lettura stimato":"2 minuti"},"schema":{"@context":"https:\/\/schema.org","@graph":[{"@type":"WebPage","@id":"https:\/\/lacasaibicenca.es\/it\/contatti\/","url":"https:\/\/lacasaibicenca.es\/it\/contatti\/","name":"Contatta La Casa Ibicenca per Affitti di Ville e Manutenzione a Ibiza","isPartOf":{"@id":"https:\/\/lacasaibicenca.es\/it\/#website"},"datePublished":"2025-11-14T09:39:23+00:00","dateModified":"2026-03-21T12:52:49+00:00","description":"Contatta La Casa Ibicenca per informazioni su affitti di ville, servizi di manutenzione e assistenza alla tua propriet\u00e0 a Ibiza.","breadcrumb":{"@id":"https:\/\/lacasaibicenca.es\/it\/contatti\/#breadcrumb"},"inLanguage":"it-IT","potentialAction":[{"@type":"ReadAction","target":["https:\/\/lacasaibicenca.es\/it\/contatti\/"]}]},{"@type":"BreadcrumbList","@id":"https:\/\/lacasaibicenca.es\/it\/contatti\/#breadcrumb","itemListElement":[{"@type":"ListItem","position":1,"name":"Home","item":"https:\/\/lacasaibicenca.es\/it\/"},{"@type":"ListItem","position":2,"name":"CONTATTI"}]},{"@type":"WebSite","@id":"https:\/\/lacasaibicenca.es\/it\/#website","url":"https:\/\/lacasaibicenca.es\/it\/","name":"La Casa Ibicenca","description":"Affitto e Gestione di ville a Ibiza","publisher":{"@id":"https:\/\/lacasaibicenca.es\/it\/#organization"},"alternateName":"Alquiler Tur\u00edstico, Mantenimiento y Reformas de Villas en Ibiza","potentialAction":[{"@type":"SearchAction","target":{"@type":"EntryPoint","urlTemplate":"https:\/\/lacasaibicenca.es\/it\/?s={search_term_string}"},"query-input":{"@type":"PropertyValueSpecification","valueRequired":true,"valueName":"search_term_string"}}],"inLanguage":"it-IT"},{"@type":"Organization","@id":"https:\/\/lacasaibicenca.es\/it\/#organization","name":"La Casa Ibicenca","alternateName":"Alquiler Tur\u00edstico, Mantenimiento y Reformas de Villas en Ibiza","url":"https:\/\/lacasaibicenca.es\/it\/","logo":{"@type":"ImageObject","inLanguage":"it-IT","@id":"https:\/\/lacasaibicenca.es\/it\/#\/schema\/logo\/image\/","url":"https:\/\/lacasaibicenca.es\/wp-content\/uploads\/2026\/01\/logo-la-casa-ibicenca.png","contentUrl":"https:\/\/lacasaibicenca.es\/wp-content\/uploads\/2026\/01\/logo-la-casa-ibicenca.png","width":1024,"height":1024,"caption":"La Casa Ibicenca"},"image":{"@id":"https:\/\/lacasaibicenca.es\/it\/#\/schema\/logo\/image\/"}}]}},"_links":{"self":[{"href":"https:\/\/lacasaibicenca.es\/it\/wp-json\/wp\/v2\/pages\/29694","targetHints":{"allow":["GET"]}}],"collection":[{"href":"https:\/\/lacasaibicenca.es\/it\/wp-json\/wp\/v2\/pages"}],"about":[{"href":"https:\/\/lacasaibicenca.es\/it\/wp-json\/wp\/v2\/types\/page"}],"author":[{"embeddable":true,"href":"https:\/\/lacasaibicenca.es\/it\/wp-json\/wp\/v2\/users\/1"}],"replies":[{"embeddable":true,"href":"https:\/\/lacasaibicenca.es\/it\/wp-json\/wp\/v2\/comments?post=29694"}],"version-history":[{"count":132,"href":"https:\/\/lacasaibicenca.es\/it\/wp-json\/wp\/v2\/pages\/29694\/revisions"}],"predecessor-version":[{"id":42454,"href":"https:\/\/lacasaibicenca.es\/it\/wp-json\/wp\/v2\/pages\/29694\/revisions\/42454"}],"wp:attachment":[{"href":"https:\/\/lacasaibicenca.es\/it\/wp-json\/wp\/v2\/media?parent=29694"}],"curies":[{"name":"wp","href":"https:\/\/api.w.org\/{rel}","templated":true}]}}